{"id":791,"date":"2021-07-01T08:47:06","date_gmt":"2021-07-01T08:47:06","guid":{"rendered":"http:\/\/www.havesinogrp.com\/docteur-dinspection-rembobineuse\/"},"modified":"2021-08-03T05:19:21","modified_gmt":"2021-08-03T05:19:21","slug":"docteur-dinspection-rembobineuse","status":"publish","type":"page","link":"https:\/\/www.havesinogrp.com\/fr\/docteur-dinspection-rembobineuse\/","title":{"rendered":"Docteur d&rsquo;inspection Rembobineuse"},"content":{"rendered":"","protected":false},"excerpt":{"rendered":"<p>Contr\u00f4le qualit\u00e9 de pr\u00e9cision avec un prix abordable, facile \u00e0 utiliser et hautement productif<br \/>\nenrouleur d&rsquo;inspection. il v\u00e9rifie toute la largeur de la bande et<br \/>\nlongueur et d\u00e9tecte les d\u00e9fauts tels que les erreurs d&rsquo;impression, les \u00e9tiquettes manquantes,<br \/>\nmatrice, points d&rsquo;\u00e9pissure et drapeaux en toute s\u00e9curit\u00e9 et compl\u00e8tement.<\/p>\n","protected":false},"author":1,"featured_media":0,"parent":0,"menu_order":0,"comment_status":"closed","ping_status":"closed","template":"temp-inspection-doctor-rewinder.php","meta":{"footnotes":""},"class_list":["post-791","page","type-page","status-publish","hentry"],"acf":[],"yoast_head":"<!-- This site is optimized with the Yoast SEO plugin v19.11 - https:\/\/yoast.com\/wordpress\/plugins\/seo\/ -->\n<title>Docteur d&#039;inspection Rembobineuse -<\/title>\n<meta name=\"robots\" content=\"index, follow, max-snippet:-1, max-image-preview:large, max-video-preview:-1\" \/>\n<link rel=\"canonical\" href=\"https:\/\/www.havesinogrp.com\/fr\/docteur-dinspection-rembobineuse\/\" \/>\n<meta property=\"og:locale\" content=\"fr_FR\" \/>\n<meta property=\"og:type\" content=\"article\" \/>\n<meta property=\"og:title\" content=\"Docteur d&#039;inspection Rembobineuse -\" \/>\n<meta property=\"og:description\" content=\"Contr\u00f4le qualit\u00e9 de pr\u00e9cision avec un prix abordable, facile \u00e0 utiliser et hautement productif enrouleur d&#039;inspection. il v\u00e9rifie toute la largeur de la bande et longueur et d\u00e9tecte les d\u00e9fauts tels que les erreurs d&#039;impression, les \u00e9tiquettes manquantes, matrice, points d&#039;\u00e9pissure et drapeaux en toute s\u00e9curit\u00e9 et compl\u00e8tement.\" \/>\n<meta property=\"og:url\" content=\"https:\/\/www.havesinogrp.com\/fr\/docteur-dinspection-rembobineuse\/\" \/>\n<meta property=\"article:modified_time\" content=\"2021-08-03T05:19:21+00:00\" \/>\n<meta name=\"twitter:card\" content=\"summary_large_image\" \/>\n<script type=\"application\/ld+json\" class=\"yoast-schema-graph\">{\"@context\":\"https:\/\/schema.org\",\"@graph\":[{\"@type\":\"WebPage\",\"@id\":\"https:\/\/www.havesinogrp.com\/fr\/docteur-dinspection-rembobineuse\/\",\"url\":\"https:\/\/www.havesinogrp.com\/fr\/docteur-dinspection-rembobineuse\/\",\"name\":\"Docteur d'inspection Rembobineuse -\",\"isPartOf\":{\"@id\":\"https:\/\/www.havesinogrp.com\/#website\"},\"datePublished\":\"2021-07-01T08:47:06+00:00\",\"dateModified\":\"2021-08-03T05:19:21+00:00\",\"breadcrumb\":{\"@id\":\"https:\/\/www.havesinogrp.com\/fr\/docteur-dinspection-rembobineuse\/#breadcrumb\"},\"inLanguage\":\"fr-FR\",\"potentialAction\":[{\"@type\":\"ReadAction\",\"target\":[\"https:\/\/www.havesinogrp.com\/fr\/docteur-dinspection-rembobineuse\/\"]}]},{\"@type\":\"BreadcrumbList\",\"@id\":\"https:\/\/www.havesinogrp.com\/fr\/docteur-dinspection-rembobineuse\/#breadcrumb\",\"itemListElement\":[{\"@type\":\"ListItem\",\"position\":1,\"name\":\"Home\",\"item\":\"https:\/\/www.havesinogrp.com\/fr\/\"},{\"@type\":\"ListItem\",\"position\":2,\"name\":\"Docteur d&rsquo;inspection Rembobineuse\"}]},{\"@type\":\"WebSite\",\"@id\":\"https:\/\/www.havesinogrp.com\/#website\",\"url\":\"https:\/\/www.havesinogrp.com\/\",\"name\":\"\",\"description\":\"\",\"potentialAction\":[{\"@type\":\"SearchAction\",\"target\":{\"@type\":\"EntryPoint\",\"urlTemplate\":\"https:\/\/www.havesinogrp.com\/?s={search_term_string}\"},\"query-input\":\"required name=search_term_string\"}],\"inLanguage\":\"fr-FR\"}]}<\/script>\n<!-- \/ Yoast SEO plugin. -->","yoast_head_json":{"title":"Docteur d'inspection Rembobineuse -","robots":{"index":"index","follow":"follow","max-snippet":"max-snippet:-1","max-image-preview":"max-image-preview:large","max-video-preview":"max-video-preview:-1"},"canonical":"https:\/\/www.havesinogrp.com\/fr\/docteur-dinspection-rembobineuse\/","og_locale":"fr_FR","og_type":"article","og_title":"Docteur d'inspection Rembobineuse -","og_description":"Contr\u00f4le qualit\u00e9 de pr\u00e9cision avec un prix abordable, facile \u00e0 utiliser et hautement productif enrouleur d'inspection. il v\u00e9rifie toute la largeur de la bande et longueur et d\u00e9tecte les d\u00e9fauts tels que les erreurs d'impression, les \u00e9tiquettes manquantes, matrice, points d'\u00e9pissure et drapeaux en toute s\u00e9curit\u00e9 et compl\u00e8tement.","og_url":"https:\/\/www.havesinogrp.com\/fr\/docteur-dinspection-rembobineuse\/","article_modified_time":"2021-08-03T05:19:21+00:00","twitter_card":"summary_large_image","schema":{"@context":"https:\/\/schema.org","@graph":[{"@type":"WebPage","@id":"https:\/\/www.havesinogrp.com\/fr\/docteur-dinspection-rembobineuse\/","url":"https:\/\/www.havesinogrp.com\/fr\/docteur-dinspection-rembobineuse\/","name":"Docteur d'inspection Rembobineuse -","isPartOf":{"@id":"https:\/\/www.havesinogrp.com\/#website"},"datePublished":"2021-07-01T08:47:06+00:00","dateModified":"2021-08-03T05:19:21+00:00","breadcrumb":{"@id":"https:\/\/www.havesinogrp.com\/fr\/docteur-dinspection-rembobineuse\/#breadcrumb"},"inLanguage":"fr-FR","potentialAction":[{"@type":"ReadAction","target":["https:\/\/www.havesinogrp.com\/fr\/docteur-dinspection-rembobineuse\/"]}]},{"@type":"BreadcrumbList","@id":"https:\/\/www.havesinogrp.com\/fr\/docteur-dinspection-rembobineuse\/#breadcrumb","itemListElement":[{"@type":"ListItem","position":1,"name":"Home","item":"https:\/\/www.havesinogrp.com\/fr\/"},{"@type":"ListItem","position":2,"name":"Docteur d&rsquo;inspection Rembobineuse"}]},{"@type":"WebSite","@id":"https:\/\/www.havesinogrp.com\/#website","url":"https:\/\/www.havesinogrp.com\/","name":"","description":"","potentialAction":[{"@type":"SearchAction","target":{"@type":"EntryPoint","urlTemplate":"https:\/\/www.havesinogrp.com\/?s={search_term_string}"},"query-input":"required name=search_term_string"}],"inLanguage":"fr-FR"}]}},"_links":{"self":[{"href":"https:\/\/www.havesinogrp.com\/fr\/wp-json\/wp\/v2\/pages\/791","targetHints":{"allow":["GET"]}}],"collection":[{"href":"https:\/\/www.havesinogrp.com\/fr\/wp-json\/wp\/v2\/pages"}],"about":[{"href":"https:\/\/www.havesinogrp.com\/fr\/wp-json\/wp\/v2\/types\/page"}],"author":[{"embeddable":true,"href":"https:\/\/www.havesinogrp.com\/fr\/wp-json\/wp\/v2\/users\/1"}],"replies":[{"embeddable":true,"href":"https:\/\/www.havesinogrp.com\/fr\/wp-json\/wp\/v2\/comments?post=791"}],"version-history":[{"count":8,"href":"https:\/\/www.havesinogrp.com\/fr\/wp-json\/wp\/v2\/pages\/791\/revisions"}],"predecessor-version":[{"id":1806,"href":"https:\/\/www.havesinogrp.com\/fr\/wp-json\/wp\/v2\/pages\/791\/revisions\/1806"}],"wp:attachment":[{"href":"https:\/\/www.havesinogrp.com\/fr\/wp-json\/wp\/v2\/media?parent=791"}],"curies":[{"name":"wp","href":"https:\/\/api.w.org\/{rel}","templated":true}]}}