{"id":746,"date":"2021-06-30T08:46:55","date_gmt":"2021-06-30T08:46:55","guid":{"rendered":"http:\/\/www.havesinogrp.com\/cas\/"},"modified":"2021-06-30T09:27:38","modified_gmt":"2021-06-30T09:27:38","slug":"cas","status":"publish","type":"page","link":"https:\/\/www.havesinogrp.com\/fr\/cas\/","title":{"rendered":"Cas"},"content":{"rendered":"","protected":false},"excerpt":{"rendered":"<p>La vente est le d\u00e9but de notre relation avec vous. Notre service<br \/>\nL&rsquo;\u00e9quipe s&rsquo;engage \u00e0 un soutien continu pendant toute la<br \/>\ndur\u00e9e de vie du produit. Votre satisfaction nous fait honneur.  <\/p>\n","protected":false},"author":1,"featured_media":0,"parent":0,"menu_order":0,"comment_status":"closed","ping_status":"closed","template":"temp-case.php","meta":{"footnotes":""},"class_list":["post-746","page","type-page","status-publish","hentry"],"acf":[],"yoast_head":"<!-- This site is optimized with the Yoast SEO plugin v19.11 - https:\/\/yoast.com\/wordpress\/plugins\/seo\/ -->\n<title>Cas -<\/title>\n<meta name=\"robots\" content=\"index, follow, max-snippet:-1, max-image-preview:large, max-video-preview:-1\" \/>\n<link rel=\"canonical\" href=\"https:\/\/www.havesinogrp.com\/fr\/cas\/\" \/>\n<meta property=\"og:locale\" content=\"fr_FR\" \/>\n<meta property=\"og:type\" content=\"article\" \/>\n<meta property=\"og:title\" content=\"Cas -\" \/>\n<meta property=\"og:description\" content=\"La vente est le d\u00e9but de notre relation avec vous. Notre service L&#039;\u00e9quipe s&#039;engage \u00e0 un soutien continu pendant toute la dur\u00e9e de vie du produit. Votre satisfaction nous fait honneur.\" \/>\n<meta property=\"og:url\" content=\"https:\/\/www.havesinogrp.com\/fr\/cas\/\" \/>\n<meta property=\"article:modified_time\" content=\"2021-06-30T09:27:38+00:00\" \/>\n<meta name=\"twitter:card\" content=\"summary_large_image\" \/>\n<script type=\"application\/ld+json\" class=\"yoast-schema-graph\">{\"@context\":\"https:\/\/schema.org\",\"@graph\":[{\"@type\":\"WebPage\",\"@id\":\"https:\/\/www.havesinogrp.com\/fr\/cas\/\",\"url\":\"https:\/\/www.havesinogrp.com\/fr\/cas\/\",\"name\":\"Cas -\",\"isPartOf\":{\"@id\":\"https:\/\/www.havesinogrp.com\/#website\"},\"datePublished\":\"2021-06-30T08:46:55+00:00\",\"dateModified\":\"2021-06-30T09:27:38+00:00\",\"breadcrumb\":{\"@id\":\"https:\/\/www.havesinogrp.com\/fr\/cas\/#breadcrumb\"},\"inLanguage\":\"fr-FR\",\"potentialAction\":[{\"@type\":\"ReadAction\",\"target\":[\"https:\/\/www.havesinogrp.com\/fr\/cas\/\"]}]},{\"@type\":\"BreadcrumbList\",\"@id\":\"https:\/\/www.havesinogrp.com\/fr\/cas\/#breadcrumb\",\"itemListElement\":[{\"@type\":\"ListItem\",\"position\":1,\"name\":\"Home\",\"item\":\"https:\/\/www.havesinogrp.com\/fr\/\"},{\"@type\":\"ListItem\",\"position\":2,\"name\":\"Cas\"}]},{\"@type\":\"WebSite\",\"@id\":\"https:\/\/www.havesinogrp.com\/#website\",\"url\":\"https:\/\/www.havesinogrp.com\/\",\"name\":\"\",\"description\":\"\",\"potentialAction\":[{\"@type\":\"SearchAction\",\"target\":{\"@type\":\"EntryPoint\",\"urlTemplate\":\"https:\/\/www.havesinogrp.com\/?s={search_term_string}\"},\"query-input\":\"required name=search_term_string\"}],\"inLanguage\":\"fr-FR\"}]}<\/script>\n<!-- \/ Yoast SEO plugin. -->","yoast_head_json":{"title":"Cas -","robots":{"index":"index","follow":"follow","max-snippet":"max-snippet:-1","max-image-preview":"max-image-preview:large","max-video-preview":"max-video-preview:-1"},"canonical":"https:\/\/www.havesinogrp.com\/fr\/cas\/","og_locale":"fr_FR","og_type":"article","og_title":"Cas -","og_description":"La vente est le d\u00e9but de notre relation avec vous. Notre service L'\u00e9quipe s'engage \u00e0 un soutien continu pendant toute la dur\u00e9e de vie du produit. Votre satisfaction nous fait honneur.","og_url":"https:\/\/www.havesinogrp.com\/fr\/cas\/","article_modified_time":"2021-06-30T09:27:38+00:00","twitter_card":"summary_large_image","schema":{"@context":"https:\/\/schema.org","@graph":[{"@type":"WebPage","@id":"https:\/\/www.havesinogrp.com\/fr\/cas\/","url":"https:\/\/www.havesinogrp.com\/fr\/cas\/","name":"Cas -","isPartOf":{"@id":"https:\/\/www.havesinogrp.com\/#website"},"datePublished":"2021-06-30T08:46:55+00:00","dateModified":"2021-06-30T09:27:38+00:00","breadcrumb":{"@id":"https:\/\/www.havesinogrp.com\/fr\/cas\/#breadcrumb"},"inLanguage":"fr-FR","potentialAction":[{"@type":"ReadAction","target":["https:\/\/www.havesinogrp.com\/fr\/cas\/"]}]},{"@type":"BreadcrumbList","@id":"https:\/\/www.havesinogrp.com\/fr\/cas\/#breadcrumb","itemListElement":[{"@type":"ListItem","position":1,"name":"Home","item":"https:\/\/www.havesinogrp.com\/fr\/"},{"@type":"ListItem","position":2,"name":"Cas"}]},{"@type":"WebSite","@id":"https:\/\/www.havesinogrp.com\/#website","url":"https:\/\/www.havesinogrp.com\/","name":"","description":"","potentialAction":[{"@type":"SearchAction","target":{"@type":"EntryPoint","urlTemplate":"https:\/\/www.havesinogrp.com\/?s={search_term_string}"},"query-input":"required name=search_term_string"}],"inLanguage":"fr-FR"}]}},"_links":{"self":[{"href":"https:\/\/www.havesinogrp.com\/fr\/wp-json\/wp\/v2\/pages\/746","targetHints":{"allow":["GET"]}}],"collection":[{"href":"https:\/\/www.havesinogrp.com\/fr\/wp-json\/wp\/v2\/pages"}],"about":[{"href":"https:\/\/www.havesinogrp.com\/fr\/wp-json\/wp\/v2\/types\/page"}],"author":[{"embeddable":true,"href":"https:\/\/www.havesinogrp.com\/fr\/wp-json\/wp\/v2\/users\/1"}],"replies":[{"embeddable":true,"href":"https:\/\/www.havesinogrp.com\/fr\/wp-json\/wp\/v2\/comments?post=746"}],"version-history":[{"count":1,"href":"https:\/\/www.havesinogrp.com\/fr\/wp-json\/wp\/v2\/pages\/746\/revisions"}],"predecessor-version":[{"id":763,"href":"https:\/\/www.havesinogrp.com\/fr\/wp-json\/wp\/v2\/pages\/746\/revisions\/763"}],"wp:attachment":[{"href":"https:\/\/www.havesinogrp.com\/fr\/wp-json\/wp\/v2\/media?parent=746"}],"curies":[{"name":"wp","href":"https:\/\/api.w.org\/{rel}","templated":true}]}}