{"id":719,"date":"2021-06-28T10:12:06","date_gmt":"2021-06-28T10:12:06","guid":{"rendered":"http:\/\/www.havesinogrp.com\/news\/"},"modified":"2021-06-28T10:55:45","modified_gmt":"2021-06-28T10:55:45","slug":"news","status":"publish","type":"page","link":"https:\/\/www.havesinogrp.com\/fr\/news\/","title":{"rendered":"Nouvelles"},"content":{"rendered":"","protected":false},"excerpt":{"rendered":"<p>Dans cette section, vous pouvez trouver des articles qui ont \u00e9t\u00e9<br \/>\npubli\u00e9s sur HAVESINO ou sur l&rsquo;un de nos produits.<br \/>\nVous pouvez \u00e9galement parcourir les archives vid\u00e9o, regarder les<br \/>\nderni\u00e8res vid\u00e9os de produits. Nous esp\u00e9rons que vous l&rsquo;appr\u00e9cierez.   <\/p>\n","protected":false},"author":1,"featured_media":0,"parent":0,"menu_order":0,"comment_status":"closed","ping_status":"closed","template":"temp-news.php","meta":{"footnotes":""},"class_list":["post-719","page","type-page","status-publish","hentry"],"acf":[],"yoast_head":"<!-- This site is optimized with the Yoast SEO plugin v19.11 - https:\/\/yoast.com\/wordpress\/plugins\/seo\/ -->\n<title>Nouvelles -<\/title>\n<meta name=\"robots\" content=\"index, follow, max-snippet:-1, max-image-preview:large, max-video-preview:-1\" \/>\n<link rel=\"canonical\" href=\"https:\/\/www.havesinogrp.com\/fr\/news\/\" \/>\n<meta property=\"og:locale\" content=\"fr_FR\" \/>\n<meta property=\"og:type\" content=\"article\" \/>\n<meta property=\"og:title\" content=\"Nouvelles -\" \/>\n<meta property=\"og:description\" content=\"Dans cette section, vous pouvez trouver des articles qui ont \u00e9t\u00e9 publi\u00e9s sur HAVESINO ou sur l&#039;un de nos produits. Vous pouvez \u00e9galement parcourir les archives vid\u00e9o, regarder les derni\u00e8res vid\u00e9os de produits. Nous esp\u00e9rons que vous l&#039;appr\u00e9cierez.\" \/>\n<meta property=\"og:url\" content=\"https:\/\/www.havesinogrp.com\/fr\/news\/\" \/>\n<meta property=\"article:modified_time\" content=\"2021-06-28T10:55:45+00:00\" \/>\n<meta name=\"twitter:card\" content=\"summary_large_image\" \/>\n<script type=\"application\/ld+json\" class=\"yoast-schema-graph\">{\"@context\":\"https:\/\/schema.org\",\"@graph\":[{\"@type\":\"WebPage\",\"@id\":\"https:\/\/www.havesinogrp.com\/fr\/news\/\",\"url\":\"https:\/\/www.havesinogrp.com\/fr\/news\/\",\"name\":\"Nouvelles -\",\"isPartOf\":{\"@id\":\"https:\/\/www.havesinogrp.com\/#website\"},\"datePublished\":\"2021-06-28T10:12:06+00:00\",\"dateModified\":\"2021-06-28T10:55:45+00:00\",\"breadcrumb\":{\"@id\":\"https:\/\/www.havesinogrp.com\/fr\/news\/#breadcrumb\"},\"inLanguage\":\"fr-FR\",\"potentialAction\":[{\"@type\":\"ReadAction\",\"target\":[\"https:\/\/www.havesinogrp.com\/fr\/news\/\"]}]},{\"@type\":\"BreadcrumbList\",\"@id\":\"https:\/\/www.havesinogrp.com\/fr\/news\/#breadcrumb\",\"itemListElement\":[{\"@type\":\"ListItem\",\"position\":1,\"name\":\"Home\",\"item\":\"https:\/\/www.havesinogrp.com\/fr\/\"},{\"@type\":\"ListItem\",\"position\":2,\"name\":\"Nouvelles\"}]},{\"@type\":\"WebSite\",\"@id\":\"https:\/\/www.havesinogrp.com\/#website\",\"url\":\"https:\/\/www.havesinogrp.com\/\",\"name\":\"\",\"description\":\"\",\"potentialAction\":[{\"@type\":\"SearchAction\",\"target\":{\"@type\":\"EntryPoint\",\"urlTemplate\":\"https:\/\/www.havesinogrp.com\/?s={search_term_string}\"},\"query-input\":\"required name=search_term_string\"}],\"inLanguage\":\"fr-FR\"}]}<\/script>\n<!-- \/ Yoast SEO plugin. -->","yoast_head_json":{"title":"Nouvelles -","robots":{"index":"index","follow":"follow","max-snippet":"max-snippet:-1","max-image-preview":"max-image-preview:large","max-video-preview":"max-video-preview:-1"},"canonical":"https:\/\/www.havesinogrp.com\/fr\/news\/","og_locale":"fr_FR","og_type":"article","og_title":"Nouvelles -","og_description":"Dans cette section, vous pouvez trouver des articles qui ont \u00e9t\u00e9 publi\u00e9s sur HAVESINO ou sur l'un de nos produits. Vous pouvez \u00e9galement parcourir les archives vid\u00e9o, regarder les derni\u00e8res vid\u00e9os de produits. Nous esp\u00e9rons que vous l'appr\u00e9cierez.","og_url":"https:\/\/www.havesinogrp.com\/fr\/news\/","article_modified_time":"2021-06-28T10:55:45+00:00","twitter_card":"summary_large_image","schema":{"@context":"https:\/\/schema.org","@graph":[{"@type":"WebPage","@id":"https:\/\/www.havesinogrp.com\/fr\/news\/","url":"https:\/\/www.havesinogrp.com\/fr\/news\/","name":"Nouvelles -","isPartOf":{"@id":"https:\/\/www.havesinogrp.com\/#website"},"datePublished":"2021-06-28T10:12:06+00:00","dateModified":"2021-06-28T10:55:45+00:00","breadcrumb":{"@id":"https:\/\/www.havesinogrp.com\/fr\/news\/#breadcrumb"},"inLanguage":"fr-FR","potentialAction":[{"@type":"ReadAction","target":["https:\/\/www.havesinogrp.com\/fr\/news\/"]}]},{"@type":"BreadcrumbList","@id":"https:\/\/www.havesinogrp.com\/fr\/news\/#breadcrumb","itemListElement":[{"@type":"ListItem","position":1,"name":"Home","item":"https:\/\/www.havesinogrp.com\/fr\/"},{"@type":"ListItem","position":2,"name":"Nouvelles"}]},{"@type":"WebSite","@id":"https:\/\/www.havesinogrp.com\/#website","url":"https:\/\/www.havesinogrp.com\/","name":"","description":"","potentialAction":[{"@type":"SearchAction","target":{"@type":"EntryPoint","urlTemplate":"https:\/\/www.havesinogrp.com\/?s={search_term_string}"},"query-input":"required name=search_term_string"}],"inLanguage":"fr-FR"}]}},"_links":{"self":[{"href":"https:\/\/www.havesinogrp.com\/fr\/wp-json\/wp\/v2\/pages\/719","targetHints":{"allow":["GET"]}}],"collection":[{"href":"https:\/\/www.havesinogrp.com\/fr\/wp-json\/wp\/v2\/pages"}],"about":[{"href":"https:\/\/www.havesinogrp.com\/fr\/wp-json\/wp\/v2\/types\/page"}],"author":[{"embeddable":true,"href":"https:\/\/www.havesinogrp.com\/fr\/wp-json\/wp\/v2\/users\/1"}],"replies":[{"embeddable":true,"href":"https:\/\/www.havesinogrp.com\/fr\/wp-json\/wp\/v2\/comments?post=719"}],"version-history":[{"count":1,"href":"https:\/\/www.havesinogrp.com\/fr\/wp-json\/wp\/v2\/pages\/719\/revisions"}],"predecessor-version":[{"id":734,"href":"https:\/\/www.havesinogrp.com\/fr\/wp-json\/wp\/v2\/pages\/719\/revisions\/734"}],"wp:attachment":[{"href":"https:\/\/www.havesinogrp.com\/fr\/wp-json\/wp\/v2\/media?parent=719"}],"curies":[{"name":"wp","href":"https:\/\/api.w.org\/{rel}","templated":true}]}}