{"id":716,"date":"2021-06-28T09:15:24","date_gmt":"2021-06-28T09:15:24","guid":{"rendered":"http:\/\/www.havesinogrp.com\/a-propos-de-nous\/"},"modified":"2021-06-29T11:43:19","modified_gmt":"2021-06-29T11:43:19","slug":"a-propos-de-nous","status":"publish","type":"page","link":"https:\/\/www.havesinogrp.com\/fr\/a-propos-de-nous\/","title":{"rendered":"\u00c0 propos de nous"},"content":{"rendered":"<p>\u00c0 propos de HAVESINO<\/p>\n<p>Le groupe HAVESINO est un R&#038;D et un fabricant de bobineuses-refendeuses et de machines de conversion pour l&rsquo;industrie de l&#8217;emballage et de l&rsquo;\u00e9tiquetage dans le monde entier depuis plus de 10 ans, nous avons plus de centaines d&rsquo;installations de machines dans le monde !<\/p>\n<p>L&rsquo;objectif principal de HAVESINO est de construire des machines ergonomiques que les op\u00e9rateurs trouvent faciles \u00e0 utiliser et que le personnel de maintenance trouve faciles \u00e0 entretenir. Nous pensons que la prosp\u00e9rit\u00e9 de nos clients est directement li\u00e9e \u00e0 notre succ\u00e8s. C&rsquo;est pourquoi, dans tous les aspects de nos op\u00e9rations, tous les efforts sont d\u00e9ploy\u00e9s pour atteindre rien de moins que votre enti\u00e8re satisfaction.<\/p>\n<p>Aujourd&rsquo;hui, HAVESINO se concentre sur la conception, la fabrication et l&rsquo;entretien des bobineuses-refendeuses et autres machines automobiles de la plus haute qualit\u00e9 au monde.<\/p>\n<p>Vendre la machine n&rsquo;est pas la fin de l&rsquo;affaire ! Notre conviction est qu&rsquo;une vente n&rsquo;est jamais d\u00e9finitive sans un engagement de service.<\/p>\n","protected":false},"excerpt":{"rendered":"<p>Nous vous aidons \u00e0 \u00eatre diff\u00e9rent<br \/>\nEntreprise diff\u00e9rente des autres, nous d\u00e9veloppons, \u00e9tudions uniquement<br \/>\net fabriquer des machines de haute qualit\u00e9 et stables avec<br \/>\nle prix abordable et raisonnable pour vous aider \u00e0 \u00eatre diff\u00e9rent.  <\/p>\n","protected":false},"author":1,"featured_media":1985,"parent":0,"menu_order":0,"comment_status":"closed","ping_status":"closed","template":"temp-about.php","meta":{"footnotes":""},"class_list":["post-716","page","type-page","status-publish","has-post-thumbnail","hentry"],"acf":[],"yoast_head":"<!-- This site is optimized with the Yoast SEO plugin v19.11 - https:\/\/yoast.com\/wordpress\/plugins\/seo\/ -->\n<title>\u00c0 propos de nous -<\/title>\n<meta name=\"robots\" content=\"index, follow, max-snippet:-1, max-image-preview:large, max-video-preview:-1\" \/>\n<link rel=\"canonical\" href=\"https:\/\/www.havesinogrp.com\/fr\/a-propos-de-nous\/\" \/>\n<meta property=\"og:locale\" content=\"fr_FR\" \/>\n<meta property=\"og:type\" content=\"article\" \/>\n<meta property=\"og:title\" content=\"\u00c0 propos de nous -\" \/>\n<meta property=\"og:description\" content=\"Nous vous aidons \u00e0 \u00eatre diff\u00e9rent Entreprise diff\u00e9rente des autres, nous d\u00e9veloppons, \u00e9tudions uniquement et fabriquer des machines de haute qualit\u00e9 et stables avec le prix abordable et raisonnable pour vous aider \u00e0 \u00eatre diff\u00e9rent.\" \/>\n<meta property=\"og:url\" content=\"https:\/\/www.havesinogrp.com\/fr\/a-propos-de-nous\/\" \/>\n<meta property=\"article:modified_time\" content=\"2021-06-29T11:43:19+00:00\" \/>\n<meta property=\"og:image\" content=\"https:\/\/www.havesinogrp.com\/wp-content\/uploads\/2021\/07\/replace-picture-1024x854.png\" \/>\n\t<meta property=\"og:image:width\" content=\"1024\" \/>\n\t<meta property=\"og:image:height\" content=\"854\" \/>\n\t<meta property=\"og:image:type\" content=\"image\/png\" \/>\n<meta name=\"twitter:card\" content=\"summary_large_image\" \/>\n<meta name=\"twitter:label1\" content=\"Dur\u00e9e de lecture estim\u00e9e\" \/>\n\t<meta name=\"twitter:data1\" content=\"1 minute\" \/>\n<script type=\"application\/ld+json\" class=\"yoast-schema-graph\">{\"@context\":\"https:\/\/schema.org\",\"@graph\":[{\"@type\":\"WebPage\",\"@id\":\"https:\/\/www.havesinogrp.com\/fr\/a-propos-de-nous\/\",\"url\":\"https:\/\/www.havesinogrp.com\/fr\/a-propos-de-nous\/\",\"name\":\"\u00c0 propos de nous -\",\"isPartOf\":{\"@id\":\"https:\/\/www.havesinogrp.com\/#website\"},\"datePublished\":\"2021-06-28T09:15:24+00:00\",\"dateModified\":\"2021-06-29T11:43:19+00:00\",\"breadcrumb\":{\"@id\":\"https:\/\/www.havesinogrp.com\/fr\/a-propos-de-nous\/#breadcrumb\"},\"inLanguage\":\"fr-FR\",\"potentialAction\":[{\"@type\":\"ReadAction\",\"target\":[\"https:\/\/www.havesinogrp.com\/fr\/a-propos-de-nous\/\"]}]},{\"@type\":\"BreadcrumbList\",\"@id\":\"https:\/\/www.havesinogrp.com\/fr\/a-propos-de-nous\/#breadcrumb\",\"itemListElement\":[{\"@type\":\"ListItem\",\"position\":1,\"name\":\"Home\",\"item\":\"https:\/\/www.havesinogrp.com\/fr\/\"},{\"@type\":\"ListItem\",\"position\":2,\"name\":\"\u00c0 propos de nous\"}]},{\"@type\":\"WebSite\",\"@id\":\"https:\/\/www.havesinogrp.com\/#website\",\"url\":\"https:\/\/www.havesinogrp.com\/\",\"name\":\"\",\"description\":\"\",\"potentialAction\":[{\"@type\":\"SearchAction\",\"target\":{\"@type\":\"EntryPoint\",\"urlTemplate\":\"https:\/\/www.havesinogrp.com\/?s={search_term_string}\"},\"query-input\":\"required name=search_term_string\"}],\"inLanguage\":\"fr-FR\"}]}<\/script>\n<!-- \/ Yoast SEO plugin. -->","yoast_head_json":{"title":"\u00c0 propos de nous -","robots":{"index":"index","follow":"follow","max-snippet":"max-snippet:-1","max-image-preview":"max-image-preview:large","max-video-preview":"max-video-preview:-1"},"canonical":"https:\/\/www.havesinogrp.com\/fr\/a-propos-de-nous\/","og_locale":"fr_FR","og_type":"article","og_title":"\u00c0 propos de nous -","og_description":"Nous vous aidons \u00e0 \u00eatre diff\u00e9rent Entreprise diff\u00e9rente des autres, nous d\u00e9veloppons, \u00e9tudions uniquement et fabriquer des machines de haute qualit\u00e9 et stables avec le prix abordable et raisonnable pour vous aider \u00e0 \u00eatre diff\u00e9rent.","og_url":"https:\/\/www.havesinogrp.com\/fr\/a-propos-de-nous\/","article_modified_time":"2021-06-29T11:43:19+00:00","og_image":[{"width":1024,"height":854,"url":"https:\/\/www.havesinogrp.com\/wp-content\/uploads\/2021\/07\/replace-picture-1024x854.png","type":"image\/png"}],"twitter_card":"summary_large_image","twitter_misc":{"Dur\u00e9e de lecture estim\u00e9e":"1 minute"},"schema":{"@context":"https:\/\/schema.org","@graph":[{"@type":"WebPage","@id":"https:\/\/www.havesinogrp.com\/fr\/a-propos-de-nous\/","url":"https:\/\/www.havesinogrp.com\/fr\/a-propos-de-nous\/","name":"\u00c0 propos de nous -","isPartOf":{"@id":"https:\/\/www.havesinogrp.com\/#website"},"datePublished":"2021-06-28T09:15:24+00:00","dateModified":"2021-06-29T11:43:19+00:00","breadcrumb":{"@id":"https:\/\/www.havesinogrp.com\/fr\/a-propos-de-nous\/#breadcrumb"},"inLanguage":"fr-FR","potentialAction":[{"@type":"ReadAction","target":["https:\/\/www.havesinogrp.com\/fr\/a-propos-de-nous\/"]}]},{"@type":"BreadcrumbList","@id":"https:\/\/www.havesinogrp.com\/fr\/a-propos-de-nous\/#breadcrumb","itemListElement":[{"@type":"ListItem","position":1,"name":"Home","item":"https:\/\/www.havesinogrp.com\/fr\/"},{"@type":"ListItem","position":2,"name":"\u00c0 propos de nous"}]},{"@type":"WebSite","@id":"https:\/\/www.havesinogrp.com\/#website","url":"https:\/\/www.havesinogrp.com\/","name":"","description":"","potentialAction":[{"@type":"SearchAction","target":{"@type":"EntryPoint","urlTemplate":"https:\/\/www.havesinogrp.com\/?s={search_term_string}"},"query-input":"required name=search_term_string"}],"inLanguage":"fr-FR"}]}},"_links":{"self":[{"href":"https:\/\/www.havesinogrp.com\/fr\/wp-json\/wp\/v2\/pages\/716","targetHints":{"allow":["GET"]}}],"collection":[{"href":"https:\/\/www.havesinogrp.com\/fr\/wp-json\/wp\/v2\/pages"}],"about":[{"href":"https:\/\/www.havesinogrp.com\/fr\/wp-json\/wp\/v2\/types\/page"}],"author":[{"embeddable":true,"href":"https:\/\/www.havesinogrp.com\/fr\/wp-json\/wp\/v2\/users\/1"}],"replies":[{"embeddable":true,"href":"https:\/\/www.havesinogrp.com\/fr\/wp-json\/wp\/v2\/comments?post=716"}],"version-history":[{"count":1,"href":"https:\/\/www.havesinogrp.com\/fr\/wp-json\/wp\/v2\/pages\/716\/revisions"}],"predecessor-version":[{"id":740,"href":"https:\/\/www.havesinogrp.com\/fr\/wp-json\/wp\/v2\/pages\/716\/revisions\/740"}],"wp:featuredmedia":[{"embeddable":true,"href":"https:\/\/www.havesinogrp.com\/fr\/wp-json\/wp\/v2\/media\/1985"}],"wp:attachment":[{"href":"https:\/\/www.havesinogrp.com\/fr\/wp-json\/wp\/v2\/media?parent=716"}],"curies":[{"name":"wp","href":"https:\/\/api.w.org\/{rel}","templated":true}]}}