{"id":1832,"date":"2021-08-06T10:56:24","date_gmt":"2021-08-06T10:56:24","guid":{"rendered":"http:\/\/www.havesinogrp.com\/ttr-slitter-industry\/code-printer\/"},"modified":"2021-08-06T10:57:48","modified_gmt":"2021-08-06T10:57:48","slug":"code-printer","status":"publish","type":"page","link":"https:\/\/www.havesinogrp.com\/fr\/ttr-slitter-industry\/code-printer\/","title":{"rendered":"Machine d&rsquo;impression de code de suivi"},"content":{"rendered":"<h2>Quels avantages cela vous apporte-t-il ?<\/h2>\n<ul>\n<li><b>Gr\u00e2ce au code de suivi des lots qualit\u00e9, vous pouvez contr\u00f4ler compl\u00e8tement les probl\u00e8mes de qualit\u00e9 du fournisseur \u00e0 l&rsquo;utilisateur final :<\/b>\n<p><b>De quel gros rouleau vient le rouleau fini ?<\/b><\/p>\n<p><b>Qui l&rsquo;a produit et quelle machine de refendage l&rsquo;a coup\u00e9 ?<\/b><\/p>\n<p><b>Quand et o\u00f9 ce client a-t-il achet\u00e9 et quelles autres choses ont-ils achet\u00e9\u00a0?<\/b><\/li>\n<li><b>Le code de suivi imprim\u00e9 sur la paroi du tube peut \u00eatre stock\u00e9 longtemps et ne sera pas facilement ray\u00e9<\/b><\/li>\n<li><b>tIl ne sera pas jet\u00e9 comme un autocollant ou une \u00e9tiquette. Vous ne pouvez pas le trouver<\/b><\/li>\n<li><b>\u00c9tablissez une bonne image de votre entreprise ou mod\u00e8le de qualit\u00e9 en imprimant votre marque ou mod\u00e8le de qualit\u00e9<\/b><\/li>\n<li><b>Le code de capture imprim\u00e9 sur la paroi du tuyau vous permet \u00e9galement d&rsquo;\u00e9conomiser le co\u00fbt des autocollants et des \u00e9tiquettes.<\/b><\/li>\n<li><b>Imprimez votre mod\u00e8le de qualit\u00e9, tel que TD110, et de plus en plus de clients reconna\u00eetront votre mod\u00e8le de qualit\u00e9.<\/b><\/li>\n<\/ul>\n<h2>Dans l&rsquo;ensemble, cette imprimante \u00e0 jet d&rsquo;encre peut apporter un \u00e9norme changement \u00e0 votre syst\u00e8me de contr\u00f4le qualit\u00e9<\/h2>\n<p><iframe title=\"YouTube video player\" src=\"https:\/\/www.youtube.com\/embed\/ySy9m-Sez8w\" frameborder=\"0\" allowfullscreen=\"allowfullscreen\"><\/iframe> <iframe title=\"YouTube video player\" src=\"https:\/\/www.youtube.com\/embed\/OyAzwOjgLCU\" frameborder=\"0\" allowfullscreen=\"allowfullscreen\"><\/iframe> <iframe title=\"YouTube video player\" src=\"https:\/\/www.youtube.com\/embed\/T4uQjAzrVqw\" frameborder=\"0\" allowfullscreen=\"allowfullscreen\"><\/iframe><\/p>\n<p><img loading=\"lazy\" decoding=\"async\" class=\"alignnone size-full wp-image-610\" src=\"http:\/\/www.havesinogrp.com\/wp-content\/uploads\/2021\/06\/ser-81.jpg\" alt=\"\" width=\"650\" height=\"924\" srcset=\"https:\/\/www.havesinogrp.com\/wp-content\/uploads\/2021\/06\/ser-81.jpg 650w, https:\/\/www.havesinogrp.com\/wp-content\/uploads\/2021\/06\/ser-81-211x300.jpg 211w\" sizes=\"auto, (max-width: 650px) 100vw, 650px\" \/><\/p>\n","protected":false},"excerpt":{"rendered":"<p>Quels avantages cela vous apporte-t-il ? Gr\u00e2ce au code de suivi des lots qualit\u00e9, vous pouvez contr\u00f4ler compl\u00e8tement les probl\u00e8mes de qualit\u00e9 du fournisseur \u00e0 l&rsquo;utilisateur final : De quel gros rouleau vient le rouleau fini ? Qui l&rsquo;a produit et quelle machine de refendage l&rsquo;a coup\u00e9 ? Quand et o\u00f9 ce client a-t-il achet\u00e9 [&hellip;]<\/p>\n","protected":false},"author":1,"featured_media":0,"parent":844,"menu_order":0,"comment_status":"closed","ping_status":"closed","template":"temp-code-printer.php","meta":{"footnotes":""},"class_list":["post-1832","page","type-page","status-publish","hentry"],"acf":[],"yoast_head":"<!-- This site is optimized with the Yoast SEO plugin v19.11 - https:\/\/yoast.com\/wordpress\/plugins\/seo\/ -->\n<title>Machine d&#039;impression de code de suivi -<\/title>\n<meta name=\"robots\" content=\"index, follow, max-snippet:-1, max-image-preview:large, max-video-preview:-1\" \/>\n<link rel=\"canonical\" href=\"https:\/\/www.havesinogrp.com\/fr\/ttr-slitter-industry\/code-printer\/\" \/>\n<meta property=\"og:locale\" content=\"fr_FR\" \/>\n<meta property=\"og:type\" content=\"article\" \/>\n<meta property=\"og:title\" content=\"Machine d&#039;impression de code de suivi -\" \/>\n<meta property=\"og:description\" content=\"Quels avantages cela vous apporte-t-il ? Gr\u00e2ce au code de suivi des lots qualit\u00e9, vous pouvez contr\u00f4ler compl\u00e8tement les probl\u00e8mes de qualit\u00e9 du fournisseur \u00e0 l&rsquo;utilisateur final : De quel gros rouleau vient le rouleau fini ? Qui l&rsquo;a produit et quelle machine de refendage l&rsquo;a coup\u00e9 ? Quand et o\u00f9 ce client a-t-il achet\u00e9 [&hellip;]\" \/>\n<meta property=\"og:url\" content=\"https:\/\/www.havesinogrp.com\/fr\/ttr-slitter-industry\/code-printer\/\" \/>\n<meta property=\"article:modified_time\" content=\"2021-08-06T10:57:48+00:00\" \/>\n<meta property=\"og:image\" content=\"http:\/\/www.havesinogrp.com\/wp-content\/uploads\/2021\/06\/ser-81.jpg\" \/>\n<meta name=\"twitter:card\" content=\"summary_large_image\" \/>\n<meta name=\"twitter:label1\" content=\"Dur\u00e9e de lecture estim\u00e9e\" \/>\n\t<meta name=\"twitter:data1\" content=\"1 minute\" \/>\n<script type=\"application\/ld+json\" class=\"yoast-schema-graph\">{\"@context\":\"https:\/\/schema.org\",\"@graph\":[{\"@type\":\"WebPage\",\"@id\":\"https:\/\/www.havesinogrp.com\/fr\/ttr-slitter-industry\/code-printer\/\",\"url\":\"https:\/\/www.havesinogrp.com\/fr\/ttr-slitter-industry\/code-printer\/\",\"name\":\"Machine d'impression de code de suivi -\",\"isPartOf\":{\"@id\":\"https:\/\/www.havesinogrp.com\/#website\"},\"datePublished\":\"2021-08-06T10:56:24+00:00\",\"dateModified\":\"2021-08-06T10:57:48+00:00\",\"breadcrumb\":{\"@id\":\"https:\/\/www.havesinogrp.com\/fr\/ttr-slitter-industry\/code-printer\/#breadcrumb\"},\"inLanguage\":\"fr-FR\",\"potentialAction\":[{\"@type\":\"ReadAction\",\"target\":[\"https:\/\/www.havesinogrp.com\/fr\/ttr-slitter-industry\/code-printer\/\"]}]},{\"@type\":\"BreadcrumbList\",\"@id\":\"https:\/\/www.havesinogrp.com\/fr\/ttr-slitter-industry\/code-printer\/#breadcrumb\",\"itemListElement\":[{\"@type\":\"ListItem\",\"position\":1,\"name\":\"Home\",\"item\":\"https:\/\/www.havesinogrp.com\/fr\/\"},{\"@type\":\"ListItem\",\"position\":2,\"name\":\"Industrie TTR\",\"item\":\"https:\/\/www.havesinogrp.com\/fr\/ttr-slitter-industry\/\"},{\"@type\":\"ListItem\",\"position\":3,\"name\":\"Machine d&rsquo;impression de code de suivi\"}]},{\"@type\":\"WebSite\",\"@id\":\"https:\/\/www.havesinogrp.com\/#website\",\"url\":\"https:\/\/www.havesinogrp.com\/\",\"name\":\"\",\"description\":\"\",\"potentialAction\":[{\"@type\":\"SearchAction\",\"target\":{\"@type\":\"EntryPoint\",\"urlTemplate\":\"https:\/\/www.havesinogrp.com\/?s={search_term_string}\"},\"query-input\":\"required name=search_term_string\"}],\"inLanguage\":\"fr-FR\"}]}<\/script>\n<!-- \/ Yoast SEO plugin. -->","yoast_head_json":{"title":"Machine d'impression de code de suivi -","robots":{"index":"index","follow":"follow","max-snippet":"max-snippet:-1","max-image-preview":"max-image-preview:large","max-video-preview":"max-video-preview:-1"},"canonical":"https:\/\/www.havesinogrp.com\/fr\/ttr-slitter-industry\/code-printer\/","og_locale":"fr_FR","og_type":"article","og_title":"Machine d'impression de code de suivi -","og_description":"Quels avantages cela vous apporte-t-il ? Gr\u00e2ce au code de suivi des lots qualit\u00e9, vous pouvez contr\u00f4ler compl\u00e8tement les probl\u00e8mes de qualit\u00e9 du fournisseur \u00e0 l&rsquo;utilisateur final : De quel gros rouleau vient le rouleau fini ? Qui l&rsquo;a produit et quelle machine de refendage l&rsquo;a coup\u00e9 ? Quand et o\u00f9 ce client a-t-il achet\u00e9 [&hellip;]","og_url":"https:\/\/www.havesinogrp.com\/fr\/ttr-slitter-industry\/code-printer\/","article_modified_time":"2021-08-06T10:57:48+00:00","og_image":[{"url":"http:\/\/www.havesinogrp.com\/wp-content\/uploads\/2021\/06\/ser-81.jpg"}],"twitter_card":"summary_large_image","twitter_misc":{"Dur\u00e9e de lecture estim\u00e9e":"1 minute"},"schema":{"@context":"https:\/\/schema.org","@graph":[{"@type":"WebPage","@id":"https:\/\/www.havesinogrp.com\/fr\/ttr-slitter-industry\/code-printer\/","url":"https:\/\/www.havesinogrp.com\/fr\/ttr-slitter-industry\/code-printer\/","name":"Machine d'impression de code de suivi -","isPartOf":{"@id":"https:\/\/www.havesinogrp.com\/#website"},"datePublished":"2021-08-06T10:56:24+00:00","dateModified":"2021-08-06T10:57:48+00:00","breadcrumb":{"@id":"https:\/\/www.havesinogrp.com\/fr\/ttr-slitter-industry\/code-printer\/#breadcrumb"},"inLanguage":"fr-FR","potentialAction":[{"@type":"ReadAction","target":["https:\/\/www.havesinogrp.com\/fr\/ttr-slitter-industry\/code-printer\/"]}]},{"@type":"BreadcrumbList","@id":"https:\/\/www.havesinogrp.com\/fr\/ttr-slitter-industry\/code-printer\/#breadcrumb","itemListElement":[{"@type":"ListItem","position":1,"name":"Home","item":"https:\/\/www.havesinogrp.com\/fr\/"},{"@type":"ListItem","position":2,"name":"Industrie TTR","item":"https:\/\/www.havesinogrp.com\/fr\/ttr-slitter-industry\/"},{"@type":"ListItem","position":3,"name":"Machine d&rsquo;impression de code de suivi"}]},{"@type":"WebSite","@id":"https:\/\/www.havesinogrp.com\/#website","url":"https:\/\/www.havesinogrp.com\/","name":"","description":"","potentialAction":[{"@type":"SearchAction","target":{"@type":"EntryPoint","urlTemplate":"https:\/\/www.havesinogrp.com\/?s={search_term_string}"},"query-input":"required name=search_term_string"}],"inLanguage":"fr-FR"}]}},"_links":{"self":[{"href":"https:\/\/www.havesinogrp.com\/fr\/wp-json\/wp\/v2\/pages\/1832","targetHints":{"allow":["GET"]}}],"collection":[{"href":"https:\/\/www.havesinogrp.com\/fr\/wp-json\/wp\/v2\/pages"}],"about":[{"href":"https:\/\/www.havesinogrp.com\/fr\/wp-json\/wp\/v2\/types\/page"}],"author":[{"embeddable":true,"href":"https:\/\/www.havesinogrp.com\/fr\/wp-json\/wp\/v2\/users\/1"}],"replies":[{"embeddable":true,"href":"https:\/\/www.havesinogrp.com\/fr\/wp-json\/wp\/v2\/comments?post=1832"}],"version-history":[{"count":1,"href":"https:\/\/www.havesinogrp.com\/fr\/wp-json\/wp\/v2\/pages\/1832\/revisions"}],"predecessor-version":[{"id":1833,"href":"https:\/\/www.havesinogrp.com\/fr\/wp-json\/wp\/v2\/pages\/1832\/revisions\/1833"}],"up":[{"embeddable":true,"href":"https:\/\/www.havesinogrp.com\/fr\/wp-json\/wp\/v2\/pages\/844"}],"wp:attachment":[{"href":"https:\/\/www.havesinogrp.com\/fr\/wp-json\/wp\/v2\/media?parent=1832"}],"curies":[{"name":"wp","href":"https:\/\/api.w.org\/{rel}","templated":true}]}}