{"id":836,"date":"2021-07-08T07:30:14","date_gmt":"2021-07-08T07:30:14","guid":{"rendered":"http:\/\/www.havesinogrp.com\/industria-ttr\/"},"modified":"2021-08-06T11:12:40","modified_gmt":"2021-08-06T11:12:40","slug":"industria-ttr","status":"publish","type":"page","link":"https:\/\/www.havesinogrp.com\/es\/industria-ttr\/","title":{"rendered":"Industria TTR"},"content":{"rendered":"","protected":false},"excerpt":{"rendered":"<p>Aqu\u00ed encontrar\u00e1 todas las m\u00e1quinas sobre<br \/>\nttr que raja: TTR Slitter, Mini TTR Slitter Rebobinador,<br \/>\nCortador de muescas, cortador de n\u00facleo de papel, n\u00facleo de pl\u00e1stico para TTR<\/p>\n","protected":false},"author":1,"featured_media":0,"parent":0,"menu_order":0,"comment_status":"closed","ping_status":"closed","template":"temp-ttr-slitter.php","meta":{"footnotes":""},"class_list":["post-836","page","type-page","status-publish","hentry"],"acf":[],"yoast_head":"<!-- This site is optimized with the Yoast SEO plugin v19.11 - https:\/\/yoast.com\/wordpress\/plugins\/seo\/ -->\n<title>Industria TTR -<\/title>\n<meta name=\"robots\" content=\"index, follow, max-snippet:-1, max-image-preview:large, max-video-preview:-1\" \/>\n<link rel=\"canonical\" href=\"https:\/\/www.havesinogrp.com\/es\/industria-ttr\/\" \/>\n<meta property=\"og:locale\" content=\"es_ES\" \/>\n<meta property=\"og:type\" content=\"article\" \/>\n<meta property=\"og:title\" content=\"Industria TTR -\" \/>\n<meta property=\"og:description\" content=\"Aqu\u00ed encontrar\u00e1 todas las m\u00e1quinas sobre ttr que raja: TTR Slitter, Mini TTR Slitter Rebobinador, Cortador de muescas, cortador de n\u00facleo de papel, n\u00facleo de pl\u00e1stico para TTR\" \/>\n<meta property=\"og:url\" content=\"https:\/\/www.havesinogrp.com\/es\/industria-ttr\/\" \/>\n<meta property=\"article:modified_time\" content=\"2021-08-06T11:12:40+00:00\" \/>\n<meta name=\"twitter:card\" content=\"summary_large_image\" \/>\n<script type=\"application\/ld+json\" class=\"yoast-schema-graph\">{\"@context\":\"https:\/\/schema.org\",\"@graph\":[{\"@type\":\"WebPage\",\"@id\":\"https:\/\/www.havesinogrp.com\/es\/industria-ttr\/\",\"url\":\"https:\/\/www.havesinogrp.com\/es\/industria-ttr\/\",\"name\":\"Industria TTR -\",\"isPartOf\":{\"@id\":\"https:\/\/www.havesinogrp.com\/#website\"},\"datePublished\":\"2021-07-08T07:30:14+00:00\",\"dateModified\":\"2021-08-06T11:12:40+00:00\",\"breadcrumb\":{\"@id\":\"https:\/\/www.havesinogrp.com\/es\/industria-ttr\/#breadcrumb\"},\"inLanguage\":\"es\",\"potentialAction\":[{\"@type\":\"ReadAction\",\"target\":[\"https:\/\/www.havesinogrp.com\/es\/industria-ttr\/\"]}]},{\"@type\":\"BreadcrumbList\",\"@id\":\"https:\/\/www.havesinogrp.com\/es\/industria-ttr\/#breadcrumb\",\"itemListElement\":[{\"@type\":\"ListItem\",\"position\":1,\"name\":\"Home\",\"item\":\"https:\/\/www.havesinogrp.com\/es\/\"},{\"@type\":\"ListItem\",\"position\":2,\"name\":\"Industria TTR\"}]},{\"@type\":\"WebSite\",\"@id\":\"https:\/\/www.havesinogrp.com\/#website\",\"url\":\"https:\/\/www.havesinogrp.com\/\",\"name\":\"\",\"description\":\"\",\"potentialAction\":[{\"@type\":\"SearchAction\",\"target\":{\"@type\":\"EntryPoint\",\"urlTemplate\":\"https:\/\/www.havesinogrp.com\/?s={search_term_string}\"},\"query-input\":\"required name=search_term_string\"}],\"inLanguage\":\"es\"}]}<\/script>\n<!-- \/ Yoast SEO plugin. -->","yoast_head_json":{"title":"Industria TTR -","robots":{"index":"index","follow":"follow","max-snippet":"max-snippet:-1","max-image-preview":"max-image-preview:large","max-video-preview":"max-video-preview:-1"},"canonical":"https:\/\/www.havesinogrp.com\/es\/industria-ttr\/","og_locale":"es_ES","og_type":"article","og_title":"Industria TTR -","og_description":"Aqu\u00ed encontrar\u00e1 todas las m\u00e1quinas sobre ttr que raja: TTR Slitter, Mini TTR Slitter Rebobinador, Cortador de muescas, cortador de n\u00facleo de papel, n\u00facleo de pl\u00e1stico para TTR","og_url":"https:\/\/www.havesinogrp.com\/es\/industria-ttr\/","article_modified_time":"2021-08-06T11:12:40+00:00","twitter_card":"summary_large_image","schema":{"@context":"https:\/\/schema.org","@graph":[{"@type":"WebPage","@id":"https:\/\/www.havesinogrp.com\/es\/industria-ttr\/","url":"https:\/\/www.havesinogrp.com\/es\/industria-ttr\/","name":"Industria TTR -","isPartOf":{"@id":"https:\/\/www.havesinogrp.com\/#website"},"datePublished":"2021-07-08T07:30:14+00:00","dateModified":"2021-08-06T11:12:40+00:00","breadcrumb":{"@id":"https:\/\/www.havesinogrp.com\/es\/industria-ttr\/#breadcrumb"},"inLanguage":"es","potentialAction":[{"@type":"ReadAction","target":["https:\/\/www.havesinogrp.com\/es\/industria-ttr\/"]}]},{"@type":"BreadcrumbList","@id":"https:\/\/www.havesinogrp.com\/es\/industria-ttr\/#breadcrumb","itemListElement":[{"@type":"ListItem","position":1,"name":"Home","item":"https:\/\/www.havesinogrp.com\/es\/"},{"@type":"ListItem","position":2,"name":"Industria TTR"}]},{"@type":"WebSite","@id":"https:\/\/www.havesinogrp.com\/#website","url":"https:\/\/www.havesinogrp.com\/","name":"","description":"","potentialAction":[{"@type":"SearchAction","target":{"@type":"EntryPoint","urlTemplate":"https:\/\/www.havesinogrp.com\/?s={search_term_string}"},"query-input":"required name=search_term_string"}],"inLanguage":"es"}]}},"_links":{"self":[{"href":"https:\/\/www.havesinogrp.com\/es\/wp-json\/wp\/v2\/pages\/836","targetHints":{"allow":["GET"]}}],"collection":[{"href":"https:\/\/www.havesinogrp.com\/es\/wp-json\/wp\/v2\/pages"}],"about":[{"href":"https:\/\/www.havesinogrp.com\/es\/wp-json\/wp\/v2\/types\/page"}],"author":[{"embeddable":true,"href":"https:\/\/www.havesinogrp.com\/es\/wp-json\/wp\/v2\/users\/1"}],"replies":[{"embeddable":true,"href":"https:\/\/www.havesinogrp.com\/es\/wp-json\/wp\/v2\/comments?post=836"}],"version-history":[{"count":9,"href":"https:\/\/www.havesinogrp.com\/es\/wp-json\/wp\/v2\/pages\/836\/revisions"}],"predecessor-version":[{"id":1836,"href":"https:\/\/www.havesinogrp.com\/es\/wp-json\/wp\/v2\/pages\/836\/revisions\/1836"}],"wp:attachment":[{"href":"https:\/\/www.havesinogrp.com\/es\/wp-json\/wp\/v2\/media?parent=836"}],"curies":[{"name":"wp","href":"https:\/\/api.w.org\/{rel}","templated":true}]}}