{"id":745,"date":"2021-06-30T08:43:39","date_gmt":"2021-06-30T08:43:39","guid":{"rendered":"http:\/\/www.havesinogrp.com\/caso\/"},"modified":"2021-06-30T09:25:41","modified_gmt":"2021-06-30T09:25:41","slug":"caso","status":"publish","type":"page","link":"https:\/\/www.havesinogrp.com\/es\/caso\/","title":{"rendered":"Caso"},"content":{"rendered":"","protected":false},"excerpt":{"rendered":"<p>La venta es el comienzo de nuestra relaci\u00f3n contigo. Nuestro servicio<br \/>\nequipo est\u00e1 comprometido con el apoyo continuo durante todo el<br \/>\nvida \u00fatil del producto. Su satisfacci\u00f3n nos hace un gran cr\u00e9dito. <\/p>\n","protected":false},"author":1,"featured_media":0,"parent":0,"menu_order":0,"comment_status":"closed","ping_status":"closed","template":"temp-case.php","meta":{"footnotes":""},"class_list":["post-745","page","type-page","status-publish","hentry"],"acf":[],"yoast_head":"<!-- This site is optimized with the Yoast SEO plugin v19.11 - https:\/\/yoast.com\/wordpress\/plugins\/seo\/ -->\n<title>Caso -<\/title>\n<meta name=\"robots\" content=\"index, follow, max-snippet:-1, max-image-preview:large, max-video-preview:-1\" \/>\n<link rel=\"canonical\" href=\"https:\/\/www.havesinogrp.com\/es\/caso\/\" \/>\n<meta property=\"og:locale\" content=\"es_ES\" \/>\n<meta property=\"og:type\" content=\"article\" \/>\n<meta property=\"og:title\" content=\"Caso -\" \/>\n<meta property=\"og:description\" content=\"La venta es el comienzo de nuestra relaci\u00f3n contigo. Nuestro servicio equipo est\u00e1 comprometido con el apoyo continuo durante todo el vida \u00fatil del producto. Su satisfacci\u00f3n nos hace un gran cr\u00e9dito.\" \/>\n<meta property=\"og:url\" content=\"https:\/\/www.havesinogrp.com\/es\/caso\/\" \/>\n<meta property=\"article:modified_time\" content=\"2021-06-30T09:25:41+00:00\" \/>\n<meta name=\"twitter:card\" content=\"summary_large_image\" \/>\n<script type=\"application\/ld+json\" class=\"yoast-schema-graph\">{\"@context\":\"https:\/\/schema.org\",\"@graph\":[{\"@type\":\"WebPage\",\"@id\":\"https:\/\/www.havesinogrp.com\/es\/caso\/\",\"url\":\"https:\/\/www.havesinogrp.com\/es\/caso\/\",\"name\":\"Caso -\",\"isPartOf\":{\"@id\":\"https:\/\/www.havesinogrp.com\/#website\"},\"datePublished\":\"2021-06-30T08:43:39+00:00\",\"dateModified\":\"2021-06-30T09:25:41+00:00\",\"breadcrumb\":{\"@id\":\"https:\/\/www.havesinogrp.com\/es\/caso\/#breadcrumb\"},\"inLanguage\":\"es\",\"potentialAction\":[{\"@type\":\"ReadAction\",\"target\":[\"https:\/\/www.havesinogrp.com\/es\/caso\/\"]}]},{\"@type\":\"BreadcrumbList\",\"@id\":\"https:\/\/www.havesinogrp.com\/es\/caso\/#breadcrumb\",\"itemListElement\":[{\"@type\":\"ListItem\",\"position\":1,\"name\":\"Home\",\"item\":\"https:\/\/www.havesinogrp.com\/es\/\"},{\"@type\":\"ListItem\",\"position\":2,\"name\":\"Caso\"}]},{\"@type\":\"WebSite\",\"@id\":\"https:\/\/www.havesinogrp.com\/#website\",\"url\":\"https:\/\/www.havesinogrp.com\/\",\"name\":\"\",\"description\":\"\",\"potentialAction\":[{\"@type\":\"SearchAction\",\"target\":{\"@type\":\"EntryPoint\",\"urlTemplate\":\"https:\/\/www.havesinogrp.com\/?s={search_term_string}\"},\"query-input\":\"required name=search_term_string\"}],\"inLanguage\":\"es\"}]}<\/script>\n<!-- \/ Yoast SEO plugin. -->","yoast_head_json":{"title":"Caso -","robots":{"index":"index","follow":"follow","max-snippet":"max-snippet:-1","max-image-preview":"max-image-preview:large","max-video-preview":"max-video-preview:-1"},"canonical":"https:\/\/www.havesinogrp.com\/es\/caso\/","og_locale":"es_ES","og_type":"article","og_title":"Caso -","og_description":"La venta es el comienzo de nuestra relaci\u00f3n contigo. Nuestro servicio equipo est\u00e1 comprometido con el apoyo continuo durante todo el vida \u00fatil del producto. Su satisfacci\u00f3n nos hace un gran cr\u00e9dito.","og_url":"https:\/\/www.havesinogrp.com\/es\/caso\/","article_modified_time":"2021-06-30T09:25:41+00:00","twitter_card":"summary_large_image","schema":{"@context":"https:\/\/schema.org","@graph":[{"@type":"WebPage","@id":"https:\/\/www.havesinogrp.com\/es\/caso\/","url":"https:\/\/www.havesinogrp.com\/es\/caso\/","name":"Caso -","isPartOf":{"@id":"https:\/\/www.havesinogrp.com\/#website"},"datePublished":"2021-06-30T08:43:39+00:00","dateModified":"2021-06-30T09:25:41+00:00","breadcrumb":{"@id":"https:\/\/www.havesinogrp.com\/es\/caso\/#breadcrumb"},"inLanguage":"es","potentialAction":[{"@type":"ReadAction","target":["https:\/\/www.havesinogrp.com\/es\/caso\/"]}]},{"@type":"BreadcrumbList","@id":"https:\/\/www.havesinogrp.com\/es\/caso\/#breadcrumb","itemListElement":[{"@type":"ListItem","position":1,"name":"Home","item":"https:\/\/www.havesinogrp.com\/es\/"},{"@type":"ListItem","position":2,"name":"Caso"}]},{"@type":"WebSite","@id":"https:\/\/www.havesinogrp.com\/#website","url":"https:\/\/www.havesinogrp.com\/","name":"","description":"","potentialAction":[{"@type":"SearchAction","target":{"@type":"EntryPoint","urlTemplate":"https:\/\/www.havesinogrp.com\/?s={search_term_string}"},"query-input":"required name=search_term_string"}],"inLanguage":"es"}]}},"_links":{"self":[{"href":"https:\/\/www.havesinogrp.com\/es\/wp-json\/wp\/v2\/pages\/745","targetHints":{"allow":["GET"]}}],"collection":[{"href":"https:\/\/www.havesinogrp.com\/es\/wp-json\/wp\/v2\/pages"}],"about":[{"href":"https:\/\/www.havesinogrp.com\/es\/wp-json\/wp\/v2\/types\/page"}],"author":[{"embeddable":true,"href":"https:\/\/www.havesinogrp.com\/es\/wp-json\/wp\/v2\/users\/1"}],"replies":[{"embeddable":true,"href":"https:\/\/www.havesinogrp.com\/es\/wp-json\/wp\/v2\/comments?post=745"}],"version-history":[{"count":1,"href":"https:\/\/www.havesinogrp.com\/es\/wp-json\/wp\/v2\/pages\/745\/revisions"}],"predecessor-version":[{"id":762,"href":"https:\/\/www.havesinogrp.com\/es\/wp-json\/wp\/v2\/pages\/745\/revisions\/762"}],"wp:attachment":[{"href":"https:\/\/www.havesinogrp.com\/es\/wp-json\/wp\/v2\/media?parent=745"}],"curies":[{"name":"wp","href":"https:\/\/api.w.org\/{rel}","templated":true}]}}