{"id":715,"date":"2021-06-28T08:41:44","date_gmt":"2021-06-28T08:41:44","guid":{"rendered":"http:\/\/www.havesinogrp.com\/sobre-havesino\/"},"modified":"2021-06-29T11:42:04","modified_gmt":"2021-06-29T11:42:04","slug":"sobre-havesino","status":"publish","type":"page","link":"https:\/\/www.havesinogrp.com\/es\/sobre-havesino\/","title":{"rendered":"Sobre HAVESINO"},"content":{"rendered":"<p>HAVESINO Group es un fabricante de I + D y fabricante de cortadoras rebobinadoras y maquinaria de conversi\u00f3n para la industria del embalaje y etiquetado en todo el mundo durante m\u00e1s de 10 a\u00f1os, \u00a1tenemos m\u00e1s de cientos de instalaciones de m\u00e1quinas en todo el mundo!<\/p>\n<p>El objetivo principal de HAVESINO es construir m\u00e1quinas ergon\u00f3micas que los operadores encuentren f\u00e1ciles de usar y que el personal de mantenimiento encuentre f\u00e1cil de mantener. Creemos que la prosperidad de nuestros clientes est\u00e1 directamente relacionada con nuestro \u00e9xito. Por eso, en todos los aspectos de nuestra operaci\u00f3n, se hace todo lo posible para lograr nada menos que su total satisfacci\u00f3n.<\/p>\n<p>Hoy, el enfoque de HAVESINO es dise\u00f1ar, fabricar y dar servicio a las cortadoras rebobinadoras y otras maquinarias automotrices de la m\u00e1s alta calidad en el mundo.<\/p>\n<p>\u00a1Vender la m\u00e1quina no es el final del trato! Nuestra fe es que una venta nunca es definitiva sin un compromiso de servicio.<\/p>\n","protected":false},"excerpt":{"rendered":"<p>Te apoyamos para que seas diferente<br \/>\nEmpresa diferente a otras, solo desarrollamos, estudiamos<br \/>\ny fabricar m\u00e1quinas estables y de alta calidad con<br \/>\nel precio asequible y razonable para ayudarlo a ser diferente.<\/p>\n","protected":false},"author":1,"featured_media":1986,"parent":0,"menu_order":0,"comment_status":"closed","ping_status":"closed","template":"temp-about.php","meta":{"footnotes":""},"class_list":["post-715","page","type-page","status-publish","has-post-thumbnail","hentry"],"acf":[],"yoast_head":"<!-- This site is optimized with the Yoast SEO plugin v19.11 - https:\/\/yoast.com\/wordpress\/plugins\/seo\/ -->\n<title>Sobre HAVESINO -<\/title>\n<meta name=\"robots\" content=\"index, follow, max-snippet:-1, max-image-preview:large, max-video-preview:-1\" \/>\n<link rel=\"canonical\" href=\"https:\/\/www.havesinogrp.com\/es\/sobre-havesino\/\" \/>\n<meta property=\"og:locale\" content=\"es_ES\" \/>\n<meta property=\"og:type\" content=\"article\" \/>\n<meta property=\"og:title\" content=\"Sobre HAVESINO -\" \/>\n<meta property=\"og:description\" content=\"Te apoyamos para que seas diferente Empresa diferente a otras, solo desarrollamos, estudiamos y fabricar m\u00e1quinas estables y de alta calidad con el precio asequible y razonable para ayudarlo a ser diferente.\" \/>\n<meta property=\"og:url\" content=\"https:\/\/www.havesinogrp.com\/es\/sobre-havesino\/\" \/>\n<meta property=\"article:modified_time\" content=\"2021-06-29T11:42:04+00:00\" \/>\n<meta property=\"og:image\" content=\"https:\/\/www.havesinogrp.com\/wp-content\/uploads\/2021\/07\/replace-picture-1024x854.png\" \/>\n\t<meta property=\"og:image:width\" content=\"1024\" \/>\n\t<meta property=\"og:image:height\" content=\"854\" \/>\n\t<meta property=\"og:image:type\" content=\"image\/png\" \/>\n<meta name=\"twitter:card\" content=\"summary_large_image\" \/>\n<meta name=\"twitter:label1\" content=\"Tiempo de lectura\" \/>\n\t<meta name=\"twitter:data1\" content=\"1 minuto\" \/>\n<script type=\"application\/ld+json\" class=\"yoast-schema-graph\">{\"@context\":\"https:\/\/schema.org\",\"@graph\":[{\"@type\":\"WebPage\",\"@id\":\"https:\/\/www.havesinogrp.com\/es\/sobre-havesino\/\",\"url\":\"https:\/\/www.havesinogrp.com\/es\/sobre-havesino\/\",\"name\":\"Sobre HAVESINO -\",\"isPartOf\":{\"@id\":\"https:\/\/www.havesinogrp.com\/#website\"},\"datePublished\":\"2021-06-28T08:41:44+00:00\",\"dateModified\":\"2021-06-29T11:42:04+00:00\",\"breadcrumb\":{\"@id\":\"https:\/\/www.havesinogrp.com\/es\/sobre-havesino\/#breadcrumb\"},\"inLanguage\":\"es\",\"potentialAction\":[{\"@type\":\"ReadAction\",\"target\":[\"https:\/\/www.havesinogrp.com\/es\/sobre-havesino\/\"]}]},{\"@type\":\"BreadcrumbList\",\"@id\":\"https:\/\/www.havesinogrp.com\/es\/sobre-havesino\/#breadcrumb\",\"itemListElement\":[{\"@type\":\"ListItem\",\"position\":1,\"name\":\"Home\",\"item\":\"https:\/\/www.havesinogrp.com\/es\/\"},{\"@type\":\"ListItem\",\"position\":2,\"name\":\"Sobre HAVESINO\"}]},{\"@type\":\"WebSite\",\"@id\":\"https:\/\/www.havesinogrp.com\/#website\",\"url\":\"https:\/\/www.havesinogrp.com\/\",\"name\":\"\",\"description\":\"\",\"potentialAction\":[{\"@type\":\"SearchAction\",\"target\":{\"@type\":\"EntryPoint\",\"urlTemplate\":\"https:\/\/www.havesinogrp.com\/?s={search_term_string}\"},\"query-input\":\"required name=search_term_string\"}],\"inLanguage\":\"es\"}]}<\/script>\n<!-- \/ Yoast SEO plugin. -->","yoast_head_json":{"title":"Sobre HAVESINO -","robots":{"index":"index","follow":"follow","max-snippet":"max-snippet:-1","max-image-preview":"max-image-preview:large","max-video-preview":"max-video-preview:-1"},"canonical":"https:\/\/www.havesinogrp.com\/es\/sobre-havesino\/","og_locale":"es_ES","og_type":"article","og_title":"Sobre HAVESINO -","og_description":"Te apoyamos para que seas diferente Empresa diferente a otras, solo desarrollamos, estudiamos y fabricar m\u00e1quinas estables y de alta calidad con el precio asequible y razonable para ayudarlo a ser diferente.","og_url":"https:\/\/www.havesinogrp.com\/es\/sobre-havesino\/","article_modified_time":"2021-06-29T11:42:04+00:00","og_image":[{"width":1024,"height":854,"url":"https:\/\/www.havesinogrp.com\/wp-content\/uploads\/2021\/07\/replace-picture-1024x854.png","type":"image\/png"}],"twitter_card":"summary_large_image","twitter_misc":{"Tiempo de lectura":"1 minuto"},"schema":{"@context":"https:\/\/schema.org","@graph":[{"@type":"WebPage","@id":"https:\/\/www.havesinogrp.com\/es\/sobre-havesino\/","url":"https:\/\/www.havesinogrp.com\/es\/sobre-havesino\/","name":"Sobre HAVESINO -","isPartOf":{"@id":"https:\/\/www.havesinogrp.com\/#website"},"datePublished":"2021-06-28T08:41:44+00:00","dateModified":"2021-06-29T11:42:04+00:00","breadcrumb":{"@id":"https:\/\/www.havesinogrp.com\/es\/sobre-havesino\/#breadcrumb"},"inLanguage":"es","potentialAction":[{"@type":"ReadAction","target":["https:\/\/www.havesinogrp.com\/es\/sobre-havesino\/"]}]},{"@type":"BreadcrumbList","@id":"https:\/\/www.havesinogrp.com\/es\/sobre-havesino\/#breadcrumb","itemListElement":[{"@type":"ListItem","position":1,"name":"Home","item":"https:\/\/www.havesinogrp.com\/es\/"},{"@type":"ListItem","position":2,"name":"Sobre HAVESINO"}]},{"@type":"WebSite","@id":"https:\/\/www.havesinogrp.com\/#website","url":"https:\/\/www.havesinogrp.com\/","name":"","description":"","potentialAction":[{"@type":"SearchAction","target":{"@type":"EntryPoint","urlTemplate":"https:\/\/www.havesinogrp.com\/?s={search_term_string}"},"query-input":"required name=search_term_string"}],"inLanguage":"es"}]}},"_links":{"self":[{"href":"https:\/\/www.havesinogrp.com\/es\/wp-json\/wp\/v2\/pages\/715","targetHints":{"allow":["GET"]}}],"collection":[{"href":"https:\/\/www.havesinogrp.com\/es\/wp-json\/wp\/v2\/pages"}],"about":[{"href":"https:\/\/www.havesinogrp.com\/es\/wp-json\/wp\/v2\/types\/page"}],"author":[{"embeddable":true,"href":"https:\/\/www.havesinogrp.com\/es\/wp-json\/wp\/v2\/users\/1"}],"replies":[{"embeddable":true,"href":"https:\/\/www.havesinogrp.com\/es\/wp-json\/wp\/v2\/comments?post=715"}],"version-history":[{"count":1,"href":"https:\/\/www.havesinogrp.com\/es\/wp-json\/wp\/v2\/pages\/715\/revisions"}],"predecessor-version":[{"id":739,"href":"https:\/\/www.havesinogrp.com\/es\/wp-json\/wp\/v2\/pages\/715\/revisions\/739"}],"wp:featuredmedia":[{"embeddable":true,"href":"https:\/\/www.havesinogrp.com\/es\/wp-json\/wp\/v2\/media\/1986"}],"wp:attachment":[{"href":"https:\/\/www.havesinogrp.com\/es\/wp-json\/wp\/v2\/media?parent=715"}],"curies":[{"name":"wp","href":"https:\/\/api.w.org\/{rel}","templated":true}]}}