{"id":1834,"date":"2021-08-06T11:01:15","date_gmt":"2021-08-06T11:01:15","guid":{"rendered":"http:\/\/www.havesinogrp.com\/industria-ttr\/maquina-de-impresion-de-codigo-de-seguimiento\/"},"modified":"2021-08-06T11:11:00","modified_gmt":"2021-08-06T11:11:00","slug":"maquina-de-impresion-de-codigo-de-seguimiento","status":"publish","type":"page","link":"https:\/\/www.havesinogrp.com\/es\/industria-ttr\/maquina-de-impresion-de-codigo-de-seguimiento\/","title":{"rendered":"M\u00e1quina de impresi\u00f3n de c\u00f3digo de seguimiento"},"content":{"rendered":"<h2>\u00bfQu\u00e9 beneficios te aporta?<\/h2>\n<ul>\n<li><b>A trav\u00e9s del c\u00f3digo de seguimiento de lotes de calidad, puede controlar completamente los problemas de calidad desde el proveedor hasta el usuario final:<\/b>\n<p><b>\u00bfDe qu\u00e9 rollo grande proviene el rollo terminado?<\/b><\/p>\n<p><b>\u00bfQui\u00e9n lo produjo y qu\u00e9 m\u00e1quina cortadora lo cort\u00f3?<\/b><\/p>\n<p><b>\u00bfCu\u00e1ndo y d\u00f3nde compr\u00f3 este cliente, y qu\u00e9 otras cosas compr\u00f3?<\/b><\/li>\n<li><b>El c\u00f3digo de seguimiento impreso en la pared del tubo se puede almacenar durante mucho tiempo y no se raya f\u00e1cilmente.<\/b><\/li>\n<li><b>No se tirar\u00e1 a la basura como una calcoman\u00eda o etiqueta. No puede encontrarlo<\/b><\/li>\n<li><b>Establezca una buena imagen de su empresa o modelo de calidad imprimiendo su marca o modelo de calidad<\/b><\/li>\n<li><b>El c\u00f3digo de captura impreso en la pared de la tuber\u00eda tambi\u00e9n le ayuda a ahorrar el costo de pegatinas y etiquetas.<\/b><\/li>\n<li><b>Imprima su modelo de calidad, como TD110, y cada vez m\u00e1s clientes reconocer\u00e1n su modelo de calidad.<br \/>\n<\/b><\/li>\n<\/ul>\n<h2>Con todo, esta impresora de inyecci\u00f3n de tinta puede traer un gran cambio a su sistema de control de calidad.<\/h2>\n<p><iframe title=\"YouTube video player\" src=\"https:\/\/www.youtube.com\/embed\/ySy9m-Sez8w\" frameborder=\"0\" allowfullscreen=\"allowfullscreen\"><\/iframe> <iframe title=\"YouTube video player\" src=\"https:\/\/www.youtube.com\/embed\/OyAzwOjgLCU\" frameborder=\"0\" allowfullscreen=\"allowfullscreen\"><\/iframe> <iframe title=\"YouTube video player\" src=\"https:\/\/www.youtube.com\/embed\/T4uQjAzrVqw\" frameborder=\"0\" allowfullscreen=\"allowfullscreen\"><\/iframe><\/p>\n<p><img loading=\"lazy\" decoding=\"async\" class=\"alignnone size-full wp-image-611\" src=\"http:\/\/www.havesinogrp.com\/wp-content\/uploads\/2021\/06\/ser-81.jpg\" alt=\"\" width=\"650\" height=\"924\" srcset=\"https:\/\/www.havesinogrp.com\/wp-content\/uploads\/2021\/06\/ser-81.jpg 650w, https:\/\/www.havesinogrp.com\/wp-content\/uploads\/2021\/06\/ser-81-211x300.jpg 211w\" sizes=\"auto, (max-width: 650px) 100vw, 650px\" \/><\/p>\n","protected":false},"excerpt":{"rendered":"<p>\u00bfQu\u00e9 beneficios te aporta? A trav\u00e9s del c\u00f3digo de seguimiento de lotes de calidad, puede controlar completamente los problemas de calidad desde el proveedor hasta el usuario final: \u00bfDe qu\u00e9 rollo grande proviene el rollo terminado? \u00bfQui\u00e9n lo produjo y qu\u00e9 m\u00e1quina cortadora lo cort\u00f3? \u00bfCu\u00e1ndo y d\u00f3nde compr\u00f3 este cliente, y qu\u00e9 otras cosas [&hellip;]<\/p>\n","protected":false},"author":1,"featured_media":0,"parent":836,"menu_order":0,"comment_status":"closed","ping_status":"closed","template":"temp-code-printer.php","meta":{"footnotes":""},"class_list":["post-1834","page","type-page","status-publish","hentry"],"acf":[],"yoast_head":"<!-- This site is optimized with the Yoast SEO plugin v19.11 - https:\/\/yoast.com\/wordpress\/plugins\/seo\/ -->\n<title>M\u00e1quina de impresi\u00f3n de c\u00f3digo de seguimiento -<\/title>\n<meta name=\"robots\" content=\"index, follow, max-snippet:-1, max-image-preview:large, max-video-preview:-1\" \/>\n<link rel=\"canonical\" href=\"https:\/\/www.havesinogrp.com\/es\/industria-ttr\/maquina-de-impresion-de-codigo-de-seguimiento\/\" \/>\n<meta property=\"og:locale\" content=\"es_ES\" \/>\n<meta property=\"og:type\" content=\"article\" \/>\n<meta property=\"og:title\" content=\"M\u00e1quina de impresi\u00f3n de c\u00f3digo de seguimiento -\" \/>\n<meta property=\"og:description\" content=\"\u00bfQu\u00e9 beneficios te aporta? A trav\u00e9s del c\u00f3digo de seguimiento de lotes de calidad, puede controlar completamente los problemas de calidad desde el proveedor hasta el usuario final: \u00bfDe qu\u00e9 rollo grande proviene el rollo terminado? \u00bfQui\u00e9n lo produjo y qu\u00e9 m\u00e1quina cortadora lo cort\u00f3? \u00bfCu\u00e1ndo y d\u00f3nde compr\u00f3 este cliente, y qu\u00e9 otras cosas [&hellip;]\" \/>\n<meta property=\"og:url\" content=\"https:\/\/www.havesinogrp.com\/es\/industria-ttr\/maquina-de-impresion-de-codigo-de-seguimiento\/\" \/>\n<meta property=\"article:modified_time\" content=\"2021-08-06T11:11:00+00:00\" \/>\n<meta property=\"og:image\" content=\"http:\/\/www.havesinogrp.com\/wp-content\/uploads\/2021\/06\/ser-81.jpg\" \/>\n<meta name=\"twitter:card\" content=\"summary_large_image\" \/>\n<meta name=\"twitter:label1\" content=\"Tiempo de lectura\" \/>\n\t<meta name=\"twitter:data1\" content=\"1 minuto\" \/>\n<script type=\"application\/ld+json\" class=\"yoast-schema-graph\">{\"@context\":\"https:\/\/schema.org\",\"@graph\":[{\"@type\":\"WebPage\",\"@id\":\"https:\/\/www.havesinogrp.com\/es\/industria-ttr\/maquina-de-impresion-de-codigo-de-seguimiento\/\",\"url\":\"https:\/\/www.havesinogrp.com\/es\/industria-ttr\/maquina-de-impresion-de-codigo-de-seguimiento\/\",\"name\":\"M\u00e1quina de impresi\u00f3n de c\u00f3digo de seguimiento -\",\"isPartOf\":{\"@id\":\"https:\/\/www.havesinogrp.com\/#website\"},\"datePublished\":\"2021-08-06T11:01:15+00:00\",\"dateModified\":\"2021-08-06T11:11:00+00:00\",\"breadcrumb\":{\"@id\":\"https:\/\/www.havesinogrp.com\/es\/industria-ttr\/maquina-de-impresion-de-codigo-de-seguimiento\/#breadcrumb\"},\"inLanguage\":\"es\",\"potentialAction\":[{\"@type\":\"ReadAction\",\"target\":[\"https:\/\/www.havesinogrp.com\/es\/industria-ttr\/maquina-de-impresion-de-codigo-de-seguimiento\/\"]}]},{\"@type\":\"BreadcrumbList\",\"@id\":\"https:\/\/www.havesinogrp.com\/es\/industria-ttr\/maquina-de-impresion-de-codigo-de-seguimiento\/#breadcrumb\",\"itemListElement\":[{\"@type\":\"ListItem\",\"position\":1,\"name\":\"Home\",\"item\":\"https:\/\/www.havesinogrp.com\/es\/\"},{\"@type\":\"ListItem\",\"position\":2,\"name\":\"Industria TTR\",\"item\":\"https:\/\/www.havesinogrp.com\/es\/industria-ttr\/\"},{\"@type\":\"ListItem\",\"position\":3,\"name\":\"M\u00e1quina de impresi\u00f3n de c\u00f3digo de seguimiento\"}]},{\"@type\":\"WebSite\",\"@id\":\"https:\/\/www.havesinogrp.com\/#website\",\"url\":\"https:\/\/www.havesinogrp.com\/\",\"name\":\"\",\"description\":\"\",\"potentialAction\":[{\"@type\":\"SearchAction\",\"target\":{\"@type\":\"EntryPoint\",\"urlTemplate\":\"https:\/\/www.havesinogrp.com\/?s={search_term_string}\"},\"query-input\":\"required name=search_term_string\"}],\"inLanguage\":\"es\"}]}<\/script>\n<!-- \/ Yoast SEO plugin. -->","yoast_head_json":{"title":"M\u00e1quina de impresi\u00f3n de c\u00f3digo de seguimiento -","robots":{"index":"index","follow":"follow","max-snippet":"max-snippet:-1","max-image-preview":"max-image-preview:large","max-video-preview":"max-video-preview:-1"},"canonical":"https:\/\/www.havesinogrp.com\/es\/industria-ttr\/maquina-de-impresion-de-codigo-de-seguimiento\/","og_locale":"es_ES","og_type":"article","og_title":"M\u00e1quina de impresi\u00f3n de c\u00f3digo de seguimiento -","og_description":"\u00bfQu\u00e9 beneficios te aporta? A trav\u00e9s del c\u00f3digo de seguimiento de lotes de calidad, puede controlar completamente los problemas de calidad desde el proveedor hasta el usuario final: \u00bfDe qu\u00e9 rollo grande proviene el rollo terminado? \u00bfQui\u00e9n lo produjo y qu\u00e9 m\u00e1quina cortadora lo cort\u00f3? \u00bfCu\u00e1ndo y d\u00f3nde compr\u00f3 este cliente, y qu\u00e9 otras cosas [&hellip;]","og_url":"https:\/\/www.havesinogrp.com\/es\/industria-ttr\/maquina-de-impresion-de-codigo-de-seguimiento\/","article_modified_time":"2021-08-06T11:11:00+00:00","og_image":[{"url":"http:\/\/www.havesinogrp.com\/wp-content\/uploads\/2021\/06\/ser-81.jpg"}],"twitter_card":"summary_large_image","twitter_misc":{"Tiempo de lectura":"1 minuto"},"schema":{"@context":"https:\/\/schema.org","@graph":[{"@type":"WebPage","@id":"https:\/\/www.havesinogrp.com\/es\/industria-ttr\/maquina-de-impresion-de-codigo-de-seguimiento\/","url":"https:\/\/www.havesinogrp.com\/es\/industria-ttr\/maquina-de-impresion-de-codigo-de-seguimiento\/","name":"M\u00e1quina de impresi\u00f3n de c\u00f3digo de seguimiento -","isPartOf":{"@id":"https:\/\/www.havesinogrp.com\/#website"},"datePublished":"2021-08-06T11:01:15+00:00","dateModified":"2021-08-06T11:11:00+00:00","breadcrumb":{"@id":"https:\/\/www.havesinogrp.com\/es\/industria-ttr\/maquina-de-impresion-de-codigo-de-seguimiento\/#breadcrumb"},"inLanguage":"es","potentialAction":[{"@type":"ReadAction","target":["https:\/\/www.havesinogrp.com\/es\/industria-ttr\/maquina-de-impresion-de-codigo-de-seguimiento\/"]}]},{"@type":"BreadcrumbList","@id":"https:\/\/www.havesinogrp.com\/es\/industria-ttr\/maquina-de-impresion-de-codigo-de-seguimiento\/#breadcrumb","itemListElement":[{"@type":"ListItem","position":1,"name":"Home","item":"https:\/\/www.havesinogrp.com\/es\/"},{"@type":"ListItem","position":2,"name":"Industria TTR","item":"https:\/\/www.havesinogrp.com\/es\/industria-ttr\/"},{"@type":"ListItem","position":3,"name":"M\u00e1quina de impresi\u00f3n de c\u00f3digo de seguimiento"}]},{"@type":"WebSite","@id":"https:\/\/www.havesinogrp.com\/#website","url":"https:\/\/www.havesinogrp.com\/","name":"","description":"","potentialAction":[{"@type":"SearchAction","target":{"@type":"EntryPoint","urlTemplate":"https:\/\/www.havesinogrp.com\/?s={search_term_string}"},"query-input":"required name=search_term_string"}],"inLanguage":"es"}]}},"_links":{"self":[{"href":"https:\/\/www.havesinogrp.com\/es\/wp-json\/wp\/v2\/pages\/1834","targetHints":{"allow":["GET"]}}],"collection":[{"href":"https:\/\/www.havesinogrp.com\/es\/wp-json\/wp\/v2\/pages"}],"about":[{"href":"https:\/\/www.havesinogrp.com\/es\/wp-json\/wp\/v2\/types\/page"}],"author":[{"embeddable":true,"href":"https:\/\/www.havesinogrp.com\/es\/wp-json\/wp\/v2\/users\/1"}],"replies":[{"embeddable":true,"href":"https:\/\/www.havesinogrp.com\/es\/wp-json\/wp\/v2\/comments?post=1834"}],"version-history":[{"count":1,"href":"https:\/\/www.havesinogrp.com\/es\/wp-json\/wp\/v2\/pages\/1834\/revisions"}],"predecessor-version":[{"id":1835,"href":"https:\/\/www.havesinogrp.com\/es\/wp-json\/wp\/v2\/pages\/1834\/revisions\/1835"}],"up":[{"embeddable":true,"href":"https:\/\/www.havesinogrp.com\/es\/wp-json\/wp\/v2\/pages\/836"}],"wp:attachment":[{"href":"https:\/\/www.havesinogrp.com\/es\/wp-json\/wp\/v2\/media?parent=1834"}],"curies":[{"name":"wp","href":"https:\/\/api.w.org\/{rel}","templated":true}]}}