{"id":1626,"date":"2021-07-15T06:38:33","date_gmt":"2021-07-15T06:38:33","guid":{"rendered":"http:\/\/www.havesinogrp.com\/industria-ttr\/cortador-de-papel-de-media-pulgada-y-1-pulgada\/"},"modified":"2021-07-15T06:59:02","modified_gmt":"2021-07-15T06:59:02","slug":"cortador-de-papel-de-media-pulgada-y-1-pulgada","status":"publish","type":"page","link":"https:\/\/www.havesinogrp.com\/es\/industria-ttr\/cortador-de-papel-de-media-pulgada-y-1-pulgada\/","title":{"rendered":"Cortador de papel de media pulgada y 1 pulgada"},"content":{"rendered":"","protected":false},"excerpt":{"rendered":"<p>Cortadora de n\u00facleos semiautom\u00e1tica CC330AN<br \/>\nCortador de n\u00facleos totalmente autom\u00e1tico CC1500FA<\/p>\n","protected":false},"author":1,"featured_media":0,"parent":836,"menu_order":0,"comment_status":"closed","ping_status":"closed","template":"temp-TTR-Industry.php","meta":{"footnotes":""},"class_list":["post-1626","page","type-page","status-publish","hentry"],"acf":[],"yoast_head":"<!-- This site is optimized with the Yoast SEO plugin v19.11 - https:\/\/yoast.com\/wordpress\/plugins\/seo\/ -->\n<title>Cortador de papel de media pulgada y 1 pulgada -<\/title>\n<meta name=\"robots\" content=\"index, follow, max-snippet:-1, max-image-preview:large, max-video-preview:-1\" \/>\n<link rel=\"canonical\" href=\"https:\/\/www.havesinogrp.com\/es\/industria-ttr\/cortador-de-papel-de-media-pulgada-y-1-pulgada\/\" \/>\n<meta property=\"og:locale\" content=\"es_ES\" \/>\n<meta property=\"og:type\" content=\"article\" \/>\n<meta property=\"og:title\" content=\"Cortador de papel de media pulgada y 1 pulgada -\" \/>\n<meta property=\"og:description\" content=\"Cortadora de n\u00facleos semiautom\u00e1tica CC330AN Cortador de n\u00facleos totalmente autom\u00e1tico CC1500FA\" \/>\n<meta property=\"og:url\" content=\"https:\/\/www.havesinogrp.com\/es\/industria-ttr\/cortador-de-papel-de-media-pulgada-y-1-pulgada\/\" \/>\n<meta property=\"article:modified_time\" content=\"2021-07-15T06:59:02+00:00\" \/>\n<meta name=\"twitter:card\" content=\"summary_large_image\" \/>\n<script type=\"application\/ld+json\" class=\"yoast-schema-graph\">{\"@context\":\"https:\/\/schema.org\",\"@graph\":[{\"@type\":\"WebPage\",\"@id\":\"https:\/\/www.havesinogrp.com\/es\/industria-ttr\/cortador-de-papel-de-media-pulgada-y-1-pulgada\/\",\"url\":\"https:\/\/www.havesinogrp.com\/es\/industria-ttr\/cortador-de-papel-de-media-pulgada-y-1-pulgada\/\",\"name\":\"Cortador de papel de media pulgada y 1 pulgada -\",\"isPartOf\":{\"@id\":\"https:\/\/www.havesinogrp.com\/#website\"},\"datePublished\":\"2021-07-15T06:38:33+00:00\",\"dateModified\":\"2021-07-15T06:59:02+00:00\",\"breadcrumb\":{\"@id\":\"https:\/\/www.havesinogrp.com\/es\/industria-ttr\/cortador-de-papel-de-media-pulgada-y-1-pulgada\/#breadcrumb\"},\"inLanguage\":\"es\",\"potentialAction\":[{\"@type\":\"ReadAction\",\"target\":[\"https:\/\/www.havesinogrp.com\/es\/industria-ttr\/cortador-de-papel-de-media-pulgada-y-1-pulgada\/\"]}]},{\"@type\":\"BreadcrumbList\",\"@id\":\"https:\/\/www.havesinogrp.com\/es\/industria-ttr\/cortador-de-papel-de-media-pulgada-y-1-pulgada\/#breadcrumb\",\"itemListElement\":[{\"@type\":\"ListItem\",\"position\":1,\"name\":\"Home\",\"item\":\"https:\/\/www.havesinogrp.com\/es\/\"},{\"@type\":\"ListItem\",\"position\":2,\"name\":\"Industria TTR\",\"item\":\"https:\/\/www.havesinogrp.com\/es\/industria-ttr\/\"},{\"@type\":\"ListItem\",\"position\":3,\"name\":\"Cortador de papel de media pulgada y 1 pulgada\"}]},{\"@type\":\"WebSite\",\"@id\":\"https:\/\/www.havesinogrp.com\/#website\",\"url\":\"https:\/\/www.havesinogrp.com\/\",\"name\":\"\",\"description\":\"\",\"potentialAction\":[{\"@type\":\"SearchAction\",\"target\":{\"@type\":\"EntryPoint\",\"urlTemplate\":\"https:\/\/www.havesinogrp.com\/?s={search_term_string}\"},\"query-input\":\"required name=search_term_string\"}],\"inLanguage\":\"es\"}]}<\/script>\n<!-- \/ Yoast SEO plugin. -->","yoast_head_json":{"title":"Cortador de papel de media pulgada y 1 pulgada -","robots":{"index":"index","follow":"follow","max-snippet":"max-snippet:-1","max-image-preview":"max-image-preview:large","max-video-preview":"max-video-preview:-1"},"canonical":"https:\/\/www.havesinogrp.com\/es\/industria-ttr\/cortador-de-papel-de-media-pulgada-y-1-pulgada\/","og_locale":"es_ES","og_type":"article","og_title":"Cortador de papel de media pulgada y 1 pulgada -","og_description":"Cortadora de n\u00facleos semiautom\u00e1tica CC330AN Cortador de n\u00facleos totalmente autom\u00e1tico CC1500FA","og_url":"https:\/\/www.havesinogrp.com\/es\/industria-ttr\/cortador-de-papel-de-media-pulgada-y-1-pulgada\/","article_modified_time":"2021-07-15T06:59:02+00:00","twitter_card":"summary_large_image","schema":{"@context":"https:\/\/schema.org","@graph":[{"@type":"WebPage","@id":"https:\/\/www.havesinogrp.com\/es\/industria-ttr\/cortador-de-papel-de-media-pulgada-y-1-pulgada\/","url":"https:\/\/www.havesinogrp.com\/es\/industria-ttr\/cortador-de-papel-de-media-pulgada-y-1-pulgada\/","name":"Cortador de papel de media pulgada y 1 pulgada -","isPartOf":{"@id":"https:\/\/www.havesinogrp.com\/#website"},"datePublished":"2021-07-15T06:38:33+00:00","dateModified":"2021-07-15T06:59:02+00:00","breadcrumb":{"@id":"https:\/\/www.havesinogrp.com\/es\/industria-ttr\/cortador-de-papel-de-media-pulgada-y-1-pulgada\/#breadcrumb"},"inLanguage":"es","potentialAction":[{"@type":"ReadAction","target":["https:\/\/www.havesinogrp.com\/es\/industria-ttr\/cortador-de-papel-de-media-pulgada-y-1-pulgada\/"]}]},{"@type":"BreadcrumbList","@id":"https:\/\/www.havesinogrp.com\/es\/industria-ttr\/cortador-de-papel-de-media-pulgada-y-1-pulgada\/#breadcrumb","itemListElement":[{"@type":"ListItem","position":1,"name":"Home","item":"https:\/\/www.havesinogrp.com\/es\/"},{"@type":"ListItem","position":2,"name":"Industria TTR","item":"https:\/\/www.havesinogrp.com\/es\/industria-ttr\/"},{"@type":"ListItem","position":3,"name":"Cortador de papel de media pulgada y 1 pulgada"}]},{"@type":"WebSite","@id":"https:\/\/www.havesinogrp.com\/#website","url":"https:\/\/www.havesinogrp.com\/","name":"","description":"","potentialAction":[{"@type":"SearchAction","target":{"@type":"EntryPoint","urlTemplate":"https:\/\/www.havesinogrp.com\/?s={search_term_string}"},"query-input":"required name=search_term_string"}],"inLanguage":"es"}]}},"_links":{"self":[{"href":"https:\/\/www.havesinogrp.com\/es\/wp-json\/wp\/v2\/pages\/1626","targetHints":{"allow":["GET"]}}],"collection":[{"href":"https:\/\/www.havesinogrp.com\/es\/wp-json\/wp\/v2\/pages"}],"about":[{"href":"https:\/\/www.havesinogrp.com\/es\/wp-json\/wp\/v2\/types\/page"}],"author":[{"embeddable":true,"href":"https:\/\/www.havesinogrp.com\/es\/wp-json\/wp\/v2\/users\/1"}],"replies":[{"embeddable":true,"href":"https:\/\/www.havesinogrp.com\/es\/wp-json\/wp\/v2\/comments?post=1626"}],"version-history":[{"count":1,"href":"https:\/\/www.havesinogrp.com\/es\/wp-json\/wp\/v2\/pages\/1626\/revisions"}],"predecessor-version":[{"id":1630,"href":"https:\/\/www.havesinogrp.com\/es\/wp-json\/wp\/v2\/pages\/1626\/revisions\/1630"}],"up":[{"embeddable":true,"href":"https:\/\/www.havesinogrp.com\/es\/wp-json\/wp\/v2\/pages\/836"}],"wp:attachment":[{"href":"https:\/\/www.havesinogrp.com\/es\/wp-json\/wp\/v2\/media?parent=1626"}],"curies":[{"name":"wp","href":"https:\/\/api.w.org\/{rel}","templated":true}]}}