{"id":1593,"date":"2021-07-14T10:07:38","date_gmt":"2021-07-14T10:07:38","guid":{"rendered":"http:\/\/www.havesinogrp.com\/nucleo-de-plastico-para-rollos-ttr\/"},"modified":"2021-07-15T05:21:07","modified_gmt":"2021-07-15T05:21:07","slug":"nucleo-de-plastico-para-rollos-ttr","status":"publish","type":"page","link":"https:\/\/www.havesinogrp.com\/es\/industria-ttr\/nucleo-de-plastico-para-rollos-ttr\/","title":{"rendered":"N\u00facleo de pl\u00e1stico para rollos TTR"},"content":{"rendered":"","protected":false},"excerpt":{"rendered":"<p>N\u00facleo de pl\u00e1stico para impresoras Paxar, TTR, Snap, Monarch, Markem Tenemos m\u00e1s de 30 piezas de moldes de inyecci\u00f3n para todos los tama\u00f1os de n\u00facleos de pl\u00e1stico que se utilizan para el corte TTR.<\/p>\n","protected":false},"author":1,"featured_media":1506,"parent":836,"menu_order":0,"comment_status":"closed","ping_status":"closed","template":"temp-plastic-core-for-TTR Rolls.php","meta":{"footnotes":""},"class_list":["post-1593","page","type-page","status-publish","has-post-thumbnail","hentry"],"acf":[],"yoast_head":"<!-- This site is optimized with the Yoast SEO plugin v19.11 - https:\/\/yoast.com\/wordpress\/plugins\/seo\/ -->\n<title>N\u00facleo de pl\u00e1stico para rollos TTR -<\/title>\n<meta name=\"robots\" content=\"index, follow, max-snippet:-1, max-image-preview:large, max-video-preview:-1\" \/>\n<link rel=\"canonical\" href=\"https:\/\/www.havesinogrp.com\/es\/industria-ttr\/nucleo-de-plastico-para-rollos-ttr\/\" \/>\n<meta property=\"og:locale\" content=\"es_ES\" \/>\n<meta property=\"og:type\" content=\"article\" \/>\n<meta property=\"og:title\" content=\"N\u00facleo de pl\u00e1stico para rollos TTR -\" \/>\n<meta property=\"og:description\" content=\"N\u00facleo de pl\u00e1stico para impresoras Paxar, TTR, Snap, Monarch, Markem Tenemos m\u00e1s de 30 piezas de moldes de inyecci\u00f3n para todos los tama\u00f1os de n\u00facleos de pl\u00e1stico que se utilizan para el corte TTR.\" \/>\n<meta property=\"og:url\" content=\"https:\/\/www.havesinogrp.com\/es\/industria-ttr\/nucleo-de-plastico-para-rollos-ttr\/\" \/>\n<meta property=\"article:modified_time\" content=\"2021-07-15T05:21:07+00:00\" \/>\n<meta property=\"og:image\" content=\"https:\/\/www.havesinogrp.com\/wp-content\/uploads\/2021\/07\/banner-in-19-scaled.jpg\" \/>\n\t<meta property=\"og:image:width\" content=\"2560\" \/>\n\t<meta property=\"og:image:height\" content=\"1201\" \/>\n\t<meta property=\"og:image:type\" content=\"image\/jpeg\" \/>\n<meta name=\"twitter:card\" content=\"summary_large_image\" \/>\n<script type=\"application\/ld+json\" class=\"yoast-schema-graph\">{\"@context\":\"https:\/\/schema.org\",\"@graph\":[{\"@type\":\"WebPage\",\"@id\":\"https:\/\/www.havesinogrp.com\/es\/industria-ttr\/nucleo-de-plastico-para-rollos-ttr\/\",\"url\":\"https:\/\/www.havesinogrp.com\/es\/industria-ttr\/nucleo-de-plastico-para-rollos-ttr\/\",\"name\":\"N\u00facleo de pl\u00e1stico para rollos TTR -\",\"isPartOf\":{\"@id\":\"https:\/\/www.havesinogrp.com\/#website\"},\"datePublished\":\"2021-07-14T10:07:38+00:00\",\"dateModified\":\"2021-07-15T05:21:07+00:00\",\"breadcrumb\":{\"@id\":\"https:\/\/www.havesinogrp.com\/es\/industria-ttr\/nucleo-de-plastico-para-rollos-ttr\/#breadcrumb\"},\"inLanguage\":\"es\",\"potentialAction\":[{\"@type\":\"ReadAction\",\"target\":[\"https:\/\/www.havesinogrp.com\/es\/industria-ttr\/nucleo-de-plastico-para-rollos-ttr\/\"]}]},{\"@type\":\"BreadcrumbList\",\"@id\":\"https:\/\/www.havesinogrp.com\/es\/industria-ttr\/nucleo-de-plastico-para-rollos-ttr\/#breadcrumb\",\"itemListElement\":[{\"@type\":\"ListItem\",\"position\":1,\"name\":\"Home\",\"item\":\"https:\/\/www.havesinogrp.com\/es\/\"},{\"@type\":\"ListItem\",\"position\":2,\"name\":\"Industria TTR\",\"item\":\"https:\/\/www.havesinogrp.com\/es\/industria-ttr\/\"},{\"@type\":\"ListItem\",\"position\":3,\"name\":\"N\u00facleo de pl\u00e1stico para rollos TTR\"}]},{\"@type\":\"WebSite\",\"@id\":\"https:\/\/www.havesinogrp.com\/#website\",\"url\":\"https:\/\/www.havesinogrp.com\/\",\"name\":\"\",\"description\":\"\",\"potentialAction\":[{\"@type\":\"SearchAction\",\"target\":{\"@type\":\"EntryPoint\",\"urlTemplate\":\"https:\/\/www.havesinogrp.com\/?s={search_term_string}\"},\"query-input\":\"required name=search_term_string\"}],\"inLanguage\":\"es\"}]}<\/script>\n<!-- \/ Yoast SEO plugin. -->","yoast_head_json":{"title":"N\u00facleo de pl\u00e1stico para rollos TTR -","robots":{"index":"index","follow":"follow","max-snippet":"max-snippet:-1","max-image-preview":"max-image-preview:large","max-video-preview":"max-video-preview:-1"},"canonical":"https:\/\/www.havesinogrp.com\/es\/industria-ttr\/nucleo-de-plastico-para-rollos-ttr\/","og_locale":"es_ES","og_type":"article","og_title":"N\u00facleo de pl\u00e1stico para rollos TTR -","og_description":"N\u00facleo de pl\u00e1stico para impresoras Paxar, TTR, Snap, Monarch, Markem Tenemos m\u00e1s de 30 piezas de moldes de inyecci\u00f3n para todos los tama\u00f1os de n\u00facleos de pl\u00e1stico que se utilizan para el corte TTR.","og_url":"https:\/\/www.havesinogrp.com\/es\/industria-ttr\/nucleo-de-plastico-para-rollos-ttr\/","article_modified_time":"2021-07-15T05:21:07+00:00","og_image":[{"width":2560,"height":1201,"url":"https:\/\/www.havesinogrp.com\/wp-content\/uploads\/2021\/07\/banner-in-19-scaled.jpg","type":"image\/jpeg"}],"twitter_card":"summary_large_image","schema":{"@context":"https:\/\/schema.org","@graph":[{"@type":"WebPage","@id":"https:\/\/www.havesinogrp.com\/es\/industria-ttr\/nucleo-de-plastico-para-rollos-ttr\/","url":"https:\/\/www.havesinogrp.com\/es\/industria-ttr\/nucleo-de-plastico-para-rollos-ttr\/","name":"N\u00facleo de pl\u00e1stico para rollos TTR -","isPartOf":{"@id":"https:\/\/www.havesinogrp.com\/#website"},"datePublished":"2021-07-14T10:07:38+00:00","dateModified":"2021-07-15T05:21:07+00:00","breadcrumb":{"@id":"https:\/\/www.havesinogrp.com\/es\/industria-ttr\/nucleo-de-plastico-para-rollos-ttr\/#breadcrumb"},"inLanguage":"es","potentialAction":[{"@type":"ReadAction","target":["https:\/\/www.havesinogrp.com\/es\/industria-ttr\/nucleo-de-plastico-para-rollos-ttr\/"]}]},{"@type":"BreadcrumbList","@id":"https:\/\/www.havesinogrp.com\/es\/industria-ttr\/nucleo-de-plastico-para-rollos-ttr\/#breadcrumb","itemListElement":[{"@type":"ListItem","position":1,"name":"Home","item":"https:\/\/www.havesinogrp.com\/es\/"},{"@type":"ListItem","position":2,"name":"Industria TTR","item":"https:\/\/www.havesinogrp.com\/es\/industria-ttr\/"},{"@type":"ListItem","position":3,"name":"N\u00facleo de pl\u00e1stico para rollos TTR"}]},{"@type":"WebSite","@id":"https:\/\/www.havesinogrp.com\/#website","url":"https:\/\/www.havesinogrp.com\/","name":"","description":"","potentialAction":[{"@type":"SearchAction","target":{"@type":"EntryPoint","urlTemplate":"https:\/\/www.havesinogrp.com\/?s={search_term_string}"},"query-input":"required name=search_term_string"}],"inLanguage":"es"}]}},"_links":{"self":[{"href":"https:\/\/www.havesinogrp.com\/es\/wp-json\/wp\/v2\/pages\/1593","targetHints":{"allow":["GET"]}}],"collection":[{"href":"https:\/\/www.havesinogrp.com\/es\/wp-json\/wp\/v2\/pages"}],"about":[{"href":"https:\/\/www.havesinogrp.com\/es\/wp-json\/wp\/v2\/types\/page"}],"author":[{"embeddable":true,"href":"https:\/\/www.havesinogrp.com\/es\/wp-json\/wp\/v2\/users\/1"}],"replies":[{"embeddable":true,"href":"https:\/\/www.havesinogrp.com\/es\/wp-json\/wp\/v2\/comments?post=1593"}],"version-history":[{"count":1,"href":"https:\/\/www.havesinogrp.com\/es\/wp-json\/wp\/v2\/pages\/1593\/revisions"}],"predecessor-version":[{"id":1618,"href":"https:\/\/www.havesinogrp.com\/es\/wp-json\/wp\/v2\/pages\/1593\/revisions\/1618"}],"up":[{"embeddable":true,"href":"https:\/\/www.havesinogrp.com\/es\/wp-json\/wp\/v2\/pages\/836"}],"wp:featuredmedia":[{"embeddable":true,"href":"https:\/\/www.havesinogrp.com\/es\/wp-json\/wp\/v2\/media\/1506"}],"wp:attachment":[{"href":"https:\/\/www.havesinogrp.com\/es\/wp-json\/wp\/v2\/media?parent=1593"}],"curies":[{"name":"wp","href":"https:\/\/api.w.org\/{rel}","templated":true}]}}