{"id":1430,"date":"2021-07-13T05:27:48","date_gmt":"2021-07-13T05:27:48","guid":{"rendered":"http:\/\/www.havesinogrp.com\/cortadora-para-envases-flexibles\/"},"modified":"2021-08-03T05:31:29","modified_gmt":"2021-08-03T05:31:29","slug":"cortadora-para-envases-flexibles","status":"publish","type":"page","link":"https:\/\/www.havesinogrp.com\/es\/cortadora-para-envases-flexibles\/","title":{"rendered":"Cortadora para envases flexibles"},"content":{"rendered":"","protected":false},"excerpt":{"rendered":"<p>La cortadora rebobinadora para la industria del embalaje flexible.<br \/>\nComo la cortadora rebobinadora, rebobinadora doctora, inspecci\u00f3n<br \/>\nrebobinadora para pel\u00edcula de laminaci\u00f3n de pel\u00edcula primaria,<br \/>\npel\u00edcula impresa y as\u00ed sucesivamente<\/p>\n","protected":false},"author":1,"featured_media":0,"parent":0,"menu_order":0,"comment_status":"closed","ping_status":"closed","template":"temp-slitter-for-flexbile-packaging.php","meta":{"footnotes":""},"class_list":["post-1430","page","type-page","status-publish","hentry"],"acf":[],"yoast_head":"<!-- This site is optimized with the Yoast SEO plugin v19.11 - https:\/\/yoast.com\/wordpress\/plugins\/seo\/ -->\n<title>Cortadora para envases flexibles -<\/title>\n<meta name=\"robots\" content=\"index, follow, max-snippet:-1, max-image-preview:large, max-video-preview:-1\" \/>\n<link rel=\"canonical\" href=\"https:\/\/www.havesinogrp.com\/es\/cortadora-para-envases-flexibles\/\" \/>\n<meta property=\"og:locale\" content=\"es_ES\" \/>\n<meta property=\"og:type\" content=\"article\" \/>\n<meta property=\"og:title\" content=\"Cortadora para envases flexibles -\" \/>\n<meta property=\"og:description\" content=\"La cortadora rebobinadora para la industria del embalaje flexible. Como la cortadora rebobinadora, rebobinadora doctora, inspecci\u00f3n rebobinadora para pel\u00edcula de laminaci\u00f3n de pel\u00edcula primaria, pel\u00edcula impresa y as\u00ed sucesivamente\" \/>\n<meta property=\"og:url\" content=\"https:\/\/www.havesinogrp.com\/es\/cortadora-para-envases-flexibles\/\" \/>\n<meta property=\"article:modified_time\" content=\"2021-08-03T05:31:29+00:00\" \/>\n<meta name=\"twitter:card\" content=\"summary_large_image\" \/>\n<script type=\"application\/ld+json\" class=\"yoast-schema-graph\">{\"@context\":\"https:\/\/schema.org\",\"@graph\":[{\"@type\":\"WebPage\",\"@id\":\"https:\/\/www.havesinogrp.com\/es\/cortadora-para-envases-flexibles\/\",\"url\":\"https:\/\/www.havesinogrp.com\/es\/cortadora-para-envases-flexibles\/\",\"name\":\"Cortadora para envases flexibles -\",\"isPartOf\":{\"@id\":\"https:\/\/www.havesinogrp.com\/#website\"},\"datePublished\":\"2021-07-13T05:27:48+00:00\",\"dateModified\":\"2021-08-03T05:31:29+00:00\",\"breadcrumb\":{\"@id\":\"https:\/\/www.havesinogrp.com\/es\/cortadora-para-envases-flexibles\/#breadcrumb\"},\"inLanguage\":\"es\",\"potentialAction\":[{\"@type\":\"ReadAction\",\"target\":[\"https:\/\/www.havesinogrp.com\/es\/cortadora-para-envases-flexibles\/\"]}]},{\"@type\":\"BreadcrumbList\",\"@id\":\"https:\/\/www.havesinogrp.com\/es\/cortadora-para-envases-flexibles\/#breadcrumb\",\"itemListElement\":[{\"@type\":\"ListItem\",\"position\":1,\"name\":\"Home\",\"item\":\"https:\/\/www.havesinogrp.com\/es\/\"},{\"@type\":\"ListItem\",\"position\":2,\"name\":\"Cortadora para envases flexibles\"}]},{\"@type\":\"WebSite\",\"@id\":\"https:\/\/www.havesinogrp.com\/#website\",\"url\":\"https:\/\/www.havesinogrp.com\/\",\"name\":\"\",\"description\":\"\",\"potentialAction\":[{\"@type\":\"SearchAction\",\"target\":{\"@type\":\"EntryPoint\",\"urlTemplate\":\"https:\/\/www.havesinogrp.com\/?s={search_term_string}\"},\"query-input\":\"required name=search_term_string\"}],\"inLanguage\":\"es\"}]}<\/script>\n<!-- \/ Yoast SEO plugin. -->","yoast_head_json":{"title":"Cortadora para envases flexibles -","robots":{"index":"index","follow":"follow","max-snippet":"max-snippet:-1","max-image-preview":"max-image-preview:large","max-video-preview":"max-video-preview:-1"},"canonical":"https:\/\/www.havesinogrp.com\/es\/cortadora-para-envases-flexibles\/","og_locale":"es_ES","og_type":"article","og_title":"Cortadora para envases flexibles -","og_description":"La cortadora rebobinadora para la industria del embalaje flexible. Como la cortadora rebobinadora, rebobinadora doctora, inspecci\u00f3n rebobinadora para pel\u00edcula de laminaci\u00f3n de pel\u00edcula primaria, pel\u00edcula impresa y as\u00ed sucesivamente","og_url":"https:\/\/www.havesinogrp.com\/es\/cortadora-para-envases-flexibles\/","article_modified_time":"2021-08-03T05:31:29+00:00","twitter_card":"summary_large_image","schema":{"@context":"https:\/\/schema.org","@graph":[{"@type":"WebPage","@id":"https:\/\/www.havesinogrp.com\/es\/cortadora-para-envases-flexibles\/","url":"https:\/\/www.havesinogrp.com\/es\/cortadora-para-envases-flexibles\/","name":"Cortadora para envases flexibles -","isPartOf":{"@id":"https:\/\/www.havesinogrp.com\/#website"},"datePublished":"2021-07-13T05:27:48+00:00","dateModified":"2021-08-03T05:31:29+00:00","breadcrumb":{"@id":"https:\/\/www.havesinogrp.com\/es\/cortadora-para-envases-flexibles\/#breadcrumb"},"inLanguage":"es","potentialAction":[{"@type":"ReadAction","target":["https:\/\/www.havesinogrp.com\/es\/cortadora-para-envases-flexibles\/"]}]},{"@type":"BreadcrumbList","@id":"https:\/\/www.havesinogrp.com\/es\/cortadora-para-envases-flexibles\/#breadcrumb","itemListElement":[{"@type":"ListItem","position":1,"name":"Home","item":"https:\/\/www.havesinogrp.com\/es\/"},{"@type":"ListItem","position":2,"name":"Cortadora para envases flexibles"}]},{"@type":"WebSite","@id":"https:\/\/www.havesinogrp.com\/#website","url":"https:\/\/www.havesinogrp.com\/","name":"","description":"","potentialAction":[{"@type":"SearchAction","target":{"@type":"EntryPoint","urlTemplate":"https:\/\/www.havesinogrp.com\/?s={search_term_string}"},"query-input":"required name=search_term_string"}],"inLanguage":"es"}]}},"_links":{"self":[{"href":"https:\/\/www.havesinogrp.com\/es\/wp-json\/wp\/v2\/pages\/1430","targetHints":{"allow":["GET"]}}],"collection":[{"href":"https:\/\/www.havesinogrp.com\/es\/wp-json\/wp\/v2\/pages"}],"about":[{"href":"https:\/\/www.havesinogrp.com\/es\/wp-json\/wp\/v2\/types\/page"}],"author":[{"embeddable":true,"href":"https:\/\/www.havesinogrp.com\/es\/wp-json\/wp\/v2\/users\/1"}],"replies":[{"embeddable":true,"href":"https:\/\/www.havesinogrp.com\/es\/wp-json\/wp\/v2\/comments?post=1430"}],"version-history":[{"count":5,"href":"https:\/\/www.havesinogrp.com\/es\/wp-json\/wp\/v2\/pages\/1430\/revisions"}],"predecessor-version":[{"id":1807,"href":"https:\/\/www.havesinogrp.com\/es\/wp-json\/wp\/v2\/pages\/1430\/revisions\/1807"}],"wp:attachment":[{"href":"https:\/\/www.havesinogrp.com\/es\/wp-json\/wp\/v2\/media?parent=1430"}],"curies":[{"name":"wp","href":"https:\/\/api.w.org\/{rel}","templated":true}]}}